{"id":189,"date":"2025-02-05T16:51:05","date_gmt":"2025-02-05T15:51:05","guid":{"rendered":"https:\/\/3asformations.fr\/?page_id=189"},"modified":"2026-04-07T22:36:31","modified_gmt":"2026-04-07T20:36:31","slug":"formation-administration","status":"publish","type":"page","link":"https:\/\/3asformations.fr\/index.php\/formation-administration\/","title":{"rendered":"Alternance administratif"},"content":{"rendered":"\n<div class=\"wp-block-cover alignfull has-parallax is-repeated\" style=\"min-height:350px;aspect-ratio:unset;\"><div class=\"wp-block-cover__image-background wp-image-48 has-parallax is-repeated\" style=\"background-position:40% 22%;background-image:url(https:\/\/3asformations.fr\/wp-content\/uploads\/2024\/12\/pexels-fauxels-3184434-scaled.jpg)\"><\/div><span aria-hidden=\"true\" class=\"wp-block-cover__background has-background-dim-70 has-background-dim\" style=\"background-color:#433586\"><\/span><div class=\"wp-block-cover__inner-container has-global-padding is-layout-constrained wp-container-core-cover-is-layout-4383d167 wp-block-cover-is-layout-constrained\">\n<h1 class=\"wp-block-heading has-text-align-center has-text-color has-link-color has-suranna-font-family wp-elements-f11ccf971e535bcc3cc8a0278798c298\" style=\"color:#ffffff;font-size:clamp(33.419px, 2.089rem + ((1vw - 3.2px) * 3.021), 60px);font-style:normal;font-weight:500\">Formations en alternance administratif : structurez votre avenir professionnel<\/h1>\n<\/div><\/div>\n\n\n\n<p class=\"has-text-align-center\"><strong>Organisation<\/strong>, <strong>rigueur et polyvalence<\/strong> sont vos atouts ? <\/p>\n\n\n\n<p class=\"has-text-align-center\">D\u00e9couvrez nos formations en alternance dans les m\u00e9tiers administratifs. <\/p>\n\n\n\n<p class=\"has-text-align-center\">De la <strong>gestion aux ressources humaines<\/strong>, GM Transformation vous propose un <strong>accompagnement<\/strong> complet pour <strong>acqu\u00e9rir des comp\u00e9tences<\/strong> cl\u00e9s et <strong>int\u00e9grer durablement<\/strong> le monde professionnel.<\/p>\n\n\n\n<div class=\"wp-block-group alignfull has-background has-global-padding is-layout-constrained wp-container-core-group-is-layout-6b52e980 wp-block-group-is-layout-constrained\" style=\"background-color:#ffffff;padding-top:100px;padding-right:1rem;padding-bottom:100px;padding-left:1rem\">\n<div class=\"wp-block-media-text alignwide is-stacked-on-mobile has-background\" style=\"background-color:#ffffff4d;margin-right:0;margin-left:0;padding-right:0;padding-left:0\"><figure class=\"wp-block-media-text__media\"><a href=\"https:\/\/3asformations.fr\/wp-content\/uploads\/2026\/04\/GMT-TP-ARH.pdf\" target=\"_blank\" rel=\" noreferrer noopener\"><img loading=\"lazy\" decoding=\"async\" width=\"1024\" height=\"1024\" src=\"https:\/\/3asformations.fr\/wp-content\/uploads\/2026\/04\/Bouton-plaquette-TP-ARH-GM-Transformation-1024x1024.png\" alt=\"\" class=\"wp-image-976 size-full\" srcset=\"https:\/\/3asformations.fr\/wp-content\/uploads\/2026\/04\/Bouton-plaquette-TP-ARH-GM-Transformation-1024x1024.png 1024w, https:\/\/3asformations.fr\/wp-content\/uploads\/2026\/04\/Bouton-plaquette-TP-ARH-GM-Transformation-300x300.png 300w, https:\/\/3asformations.fr\/wp-content\/uploads\/2026\/04\/Bouton-plaquette-TP-ARH-GM-Transformation-150x150.png 150w, https:\/\/3asformations.fr\/wp-content\/uploads\/2026\/04\/Bouton-plaquette-TP-ARH-GM-Transformation-768x768.png 768w, https:\/\/3asformations.fr\/wp-content\/uploads\/2026\/04\/Bouton-plaquette-TP-ARH-GM-Transformation.png 1080w\" sizes=\"auto, (max-width: 1024px) 100vw, 1024px\" \/><\/a><\/figure><div class=\"wp-block-media-text__content\">\n<div class=\"wp-block-group has-global-padding is-layout-constrained wp-container-core-group-is-layout-b1f12783 wp-block-group-is-layout-constrained\" style=\"padding-top:1.4rem;padding-right:0;padding-bottom:0rem;padding-left:1rem\">\n<h2 class=\"wp-block-heading has-text-align-center has-text-color has-jost-font-family\" style=\"color:#433586;font-size:clamp(1.837rem, 1.837rem + ((1vw - 0.2rem) * 2.478), 3.2rem);font-style:normal;font-weight:700\">Assistant(e) Ressources Humaines<\/h2>\n\n\n\n<p class=\"has-text-align-center has-text-color has-link-color has-jost-font-family wp-elements-519b8c995821b6bba2ba82d82a9bb6f7\" style=\"color:#000000;font-size:clamp(14px, 0.875rem + ((1vw - 3.2px) * 0.455), 18px);\">Cette formation en alternance vous pr\u00e9pare \u00e0 la gestion administrative du personnel et au suivi des salari\u00e9s en entreprise. <\/p>\n\n\n\n<p>\ud83d\udca1 <strong>Objectifs de la formation<\/strong><\/p>\n\n\n\n<ul class=\"wp-block-list\">\n<li>Assurer l\u2019administration du personnel et la gestion des donn\u00e9es RH<\/li>\n\n\n\n<li>G\u00e9rer les processus de recrutement, d\u2019int\u00e9gration et de formation<\/li>\n\n\n\n<li>Contribuer \u00e0 la mise en \u0153uvre des proc\u00e9dures RH et au suivi juridique et social<\/li>\n\n\n\n<li>\u00c9laborer et actualiser des tableaux de bord RH <\/li>\n<\/ul>\n\n\n\n<p><strong>Lieu de formation<\/strong> : Lens<\/p>\n\n\n\n<p>\ud83d\udcc6 <strong>Dur\u00e9e<\/strong> : 24 mois <br>\u23f3 <strong>Rythme<\/strong> : 1 jour de formation par semaine environ<br>\ud83d\udccd <strong>Modalit\u00e9s<\/strong> : formation en pr\u00e9sentiel et en alternance<br>\ud83d\udcdc <strong>Validation<\/strong> : \u00e9valuation continue et examen final  <\/p>\n\n\n\n<p>\ud83c\udfaf <strong>Taux de r\u00e9ussite 2025<\/strong> : 66.67 %<\/p>\n\n\n\n<p class=\"has-text-align-center\">\ud83c\udf93 <strong>Titre professionnel Assistant Ressources Humaines<\/strong> (\u00e9quivalent BAC+2, Niveau 5)<br>\ud83d\udccc <strong>Code RNCP<\/strong> : 41366<br>\ud83c\udfdb <strong>Certifi\u00e9 par<\/strong> : Minist\u00e8re du Travail, du Plein Emploi et de l\u2019Insertion<\/p>\n\n\n\n<p class=\"has-text-align-center\">Fiche France Comp\u00e9tences <a href=\"https:\/\/www.francecompetences.fr\/recherche\/rncp\/41366\/\" target=\"_blank\" rel=\"noreferrer noopener\">ici<\/a><\/p>\n\n\n\n<div class=\"wp-block-buttons is-content-justification-center is-layout-flex wp-container-core-buttons-is-layout-7c378c05 wp-block-buttons-is-layout-flex\" style=\"margin-top:2rem\">\n<div class=\"wp-block-button\"><a class=\"wp-block-button__link has-text-color has-background has-custom-font-size wp-element-button\" href=\"https:\/\/3asformations.fr\/index.php\/contact-3as-formations\/\" style=\"border-style:none;border-width:0px;border-radius:0px;color:#433586;background-color:#efc415;padding-top:10px;padding-right:20px;padding-bottom:10px;padding-left:20px;font-size:clamp(0.875rem, 0.875rem + ((1vw - 0.2rem) * 0.409), 1.1rem);\"><strong><strong>Je souhaite en savoir plus sur cette formation<\/strong><\/strong><\/a><\/div>\n<\/div>\n<\/div>\n<\/div><\/div>\n\n\n\n\n<\/div>\n\n\n\n<p><\/p>\n","protected":false},"excerpt":{"rendered":"<p>Organisation, rigueur et polyvalence sont vos atouts ? D\u00e9couvrez nos formations en alternance dans les m\u00e9tiers administratifs. De la gestion aux ressources humaines, GM Transformation vous propose un accompagnement complet pour acqu\u00e9rir des comp\u00e9tences cl\u00e9s et int\u00e9grer durablement le monde professionnel. Assistant(e) Ressources Humaines Cette formation en alternance vous pr\u00e9pare \u00e0 la gestion administrative du [&hellip;]<\/p>\n","protected":false},"author":1,"featured_media":0,"parent":0,"menu_order":0,"comment_status":"closed","ping_status":"closed","template":"","meta":{"footnotes":""},"class_list":["post-189","page","type-page","status-publish","hentry"],"yoast_head":"<!-- This site is optimized with the Yoast SEO plugin v27.4 - https:\/\/yoast.com\/product\/yoast-seo-wordpress\/ -->\n<title>Alternance administratif - GM Ttransformation<\/title>\n<meta name=\"description\" content=\"Choisissez une carri\u00e8re stable et polyvalente avec nos formations en alternance dans le secteur administratif : gestion, ressources humaines\u2026\" \/>\n<meta name=\"robots\" content=\"index, follow, max-snippet:-1, max-image-preview:large, max-video-preview:-1\" \/>\n<link rel=\"canonical\" href=\"https:\/\/3asformations.fr\/index.php\/formation-administration\/\" \/>\n<meta property=\"og:locale\" content=\"fr_FR\" \/>\n<meta property=\"og:type\" content=\"article\" \/>\n<meta property=\"og:title\" content=\"Alternance administratif - GM Ttransformation\" \/>\n<meta property=\"og:description\" content=\"Choisissez une carri\u00e8re stable et polyvalente avec nos formations en alternance dans le secteur administratif : gestion, ressources humaines\u2026\" \/>\n<meta property=\"og:url\" content=\"https:\/\/3asformations.fr\/index.php\/formation-administration\/\" \/>\n<meta property=\"og:site_name\" content=\"GM Ttransformation\" \/>\n<meta property=\"article:publisher\" content=\"https:\/\/www.facebook.com\/3ASFormations\" \/>\n<meta property=\"article:modified_time\" content=\"2026-04-07T20:36:31+00:00\" \/>\n<meta property=\"og:image\" content=\"https:\/\/3asformations.fr\/wp-content\/uploads\/2026\/04\/Bouton-plaquette-TP-ARH-GM-Transformation.png\" \/>\n\t<meta property=\"og:image:width\" content=\"1080\" \/>\n\t<meta property=\"og:image:height\" content=\"1080\" \/>\n\t<meta property=\"og:image:type\" content=\"image\/png\" \/>\n<meta name=\"twitter:card\" content=\"summary_large_image\" \/>\n<meta name=\"twitter:label1\" content=\"Dur\u00e9e de lecture estim\u00e9e\" \/>\n\t<meta name=\"twitter:data1\" content=\"3 minutes\" \/>\n<script type=\"application\/ld+json\" class=\"yoast-schema-graph\">{\"@context\":\"https:\\\/\\\/schema.org\",\"@graph\":[{\"@type\":\"WebPage\",\"@id\":\"https:\\\/\\\/3asformations.fr\\\/index.php\\\/formation-administration\\\/\",\"url\":\"https:\\\/\\\/3asformations.fr\\\/index.php\\\/formation-administration\\\/\",\"name\":\"Alternance administratif - GM Ttransformation\",\"isPartOf\":{\"@id\":\"https:\\\/\\\/3asformations.fr\\\/#website\"},\"primaryImageOfPage\":{\"@id\":\"https:\\\/\\\/3asformations.fr\\\/index.php\\\/formation-administration\\\/#primaryimage\"},\"image\":{\"@id\":\"https:\\\/\\\/3asformations.fr\\\/index.php\\\/formation-administration\\\/#primaryimage\"},\"thumbnailUrl\":\"https:\\\/\\\/3asformations.fr\\\/wp-content\\\/uploads\\\/2026\\\/04\\\/Bouton-plaquette-TP-ARH-GM-Transformation-1024x1024.png\",\"datePublished\":\"2025-02-05T15:51:05+00:00\",\"dateModified\":\"2026-04-07T20:36:31+00:00\",\"description\":\"Choisissez une carri\u00e8re stable et polyvalente avec nos formations en alternance dans le secteur administratif : gestion, ressources humaines\u2026\",\"breadcrumb\":{\"@id\":\"https:\\\/\\\/3asformations.fr\\\/index.php\\\/formation-administration\\\/#breadcrumb\"},\"inLanguage\":\"fr-FR\",\"potentialAction\":[{\"@type\":\"ReadAction\",\"target\":[\"https:\\\/\\\/3asformations.fr\\\/index.php\\\/formation-administration\\\/\"]}]},{\"@type\":\"ImageObject\",\"inLanguage\":\"fr-FR\",\"@id\":\"https:\\\/\\\/3asformations.fr\\\/index.php\\\/formation-administration\\\/#primaryimage\",\"url\":\"https:\\\/\\\/3asformations.fr\\\/wp-content\\\/uploads\\\/2026\\\/04\\\/Bouton-plaquette-TP-ARH-GM-Transformation.png\",\"contentUrl\":\"https:\\\/\\\/3asformations.fr\\\/wp-content\\\/uploads\\\/2026\\\/04\\\/Bouton-plaquette-TP-ARH-GM-Transformation.png\",\"width\":1080,\"height\":1080},{\"@type\":\"BreadcrumbList\",\"@id\":\"https:\\\/\\\/3asformations.fr\\\/index.php\\\/formation-administration\\\/#breadcrumb\",\"itemListElement\":[{\"@type\":\"ListItem\",\"position\":1,\"name\":\"Accueil\",\"item\":\"https:\\\/\\\/3asformations.fr\\\/\"},{\"@type\":\"ListItem\",\"position\":2,\"name\":\"Alternance administratif\"}]},{\"@type\":\"WebSite\",\"@id\":\"https:\\\/\\\/3asformations.fr\\\/#website\",\"url\":\"https:\\\/\\\/3asformations.fr\\\/\",\"name\":\"3AS Formations\",\"description\":\"Au service de toutes les r\u00e9ussites !\",\"publisher\":{\"@id\":\"https:\\\/\\\/3asformations.fr\\\/#organization\"},\"potentialAction\":[{\"@type\":\"SearchAction\",\"target\":{\"@type\":\"EntryPoint\",\"urlTemplate\":\"https:\\\/\\\/3asformations.fr\\\/?s={search_term_string}\"},\"query-input\":{\"@type\":\"PropertyValueSpecification\",\"valueRequired\":true,\"valueName\":\"search_term_string\"}}],\"inLanguage\":\"fr-FR\"},{\"@type\":\"Organization\",\"@id\":\"https:\\\/\\\/3asformations.fr\\\/#organization\",\"name\":\"3AS Formations\",\"url\":\"https:\\\/\\\/3asformations.fr\\\/\",\"logo\":{\"@type\":\"ImageObject\",\"inLanguage\":\"fr-FR\",\"@id\":\"https:\\\/\\\/3asformations.fr\\\/#\\\/schema\\\/logo\\\/image\\\/\",\"url\":\"https:\\\/\\\/3asformations.fr\\\/wp-content\\\/uploads\\\/2026\\\/03\\\/MALVINA-GM-TRANSFORMATION-compact-CMJN-1.png\",\"contentUrl\":\"https:\\\/\\\/3asformations.fr\\\/wp-content\\\/uploads\\\/2026\\\/03\\\/MALVINA-GM-TRANSFORMATION-compact-CMJN-1.png\",\"width\":1134,\"height\":1134,\"caption\":\"3AS Formations\"},\"image\":{\"@id\":\"https:\\\/\\\/3asformations.fr\\\/#\\\/schema\\\/logo\\\/image\\\/\"},\"sameAs\":[\"https:\\\/\\\/www.facebook.com\\\/3ASFormations\",\"https:\\\/\\\/www.instagram.com\\\/3asformations\\\/?fbclid=IwZXh0bgNhZW0CMTEAAR767GE3Dg1L6c9dLdjtUhYgaLYIyvdhWcWMETtPWSkp22ZbF3-mUVWU65U68Q_aem_-J_CkIy2IwqxhHZIl29sOQ\",\"https:\\\/\\\/linktr.ee\\\/cfa3as\"]}]}<\/script>\n<!-- \/ Yoast SEO plugin. -->","yoast_head_json":{"title":"Alternance administratif - GM Ttransformation","description":"Choisissez une carri\u00e8re stable et polyvalente avec nos formations en alternance dans le secteur administratif : gestion, ressources humaines\u2026","robots":{"index":"index","follow":"follow","max-snippet":"max-snippet:-1","max-image-preview":"max-image-preview:large","max-video-preview":"max-video-preview:-1"},"canonical":"https:\/\/3asformations.fr\/index.php\/formation-administration\/","og_locale":"fr_FR","og_type":"article","og_title":"Alternance administratif - GM Ttransformation","og_description":"Choisissez une carri\u00e8re stable et polyvalente avec nos formations en alternance dans le secteur administratif : gestion, ressources humaines\u2026","og_url":"https:\/\/3asformations.fr\/index.php\/formation-administration\/","og_site_name":"GM Ttransformation","article_publisher":"https:\/\/www.facebook.com\/3ASFormations","article_modified_time":"2026-04-07T20:36:31+00:00","og_image":[{"width":1080,"height":1080,"url":"https:\/\/3asformations.fr\/wp-content\/uploads\/2026\/04\/Bouton-plaquette-TP-ARH-GM-Transformation.png","type":"image\/png"}],"twitter_card":"summary_large_image","twitter_misc":{"Dur\u00e9e de lecture estim\u00e9e":"3 minutes"},"schema":{"@context":"https:\/\/schema.org","@graph":[{"@type":"WebPage","@id":"https:\/\/3asformations.fr\/index.php\/formation-administration\/","url":"https:\/\/3asformations.fr\/index.php\/formation-administration\/","name":"Alternance administratif - GM Ttransformation","isPartOf":{"@id":"https:\/\/3asformations.fr\/#website"},"primaryImageOfPage":{"@id":"https:\/\/3asformations.fr\/index.php\/formation-administration\/#primaryimage"},"image":{"@id":"https:\/\/3asformations.fr\/index.php\/formation-administration\/#primaryimage"},"thumbnailUrl":"https:\/\/3asformations.fr\/wp-content\/uploads\/2026\/04\/Bouton-plaquette-TP-ARH-GM-Transformation-1024x1024.png","datePublished":"2025-02-05T15:51:05+00:00","dateModified":"2026-04-07T20:36:31+00:00","description":"Choisissez une carri\u00e8re stable et polyvalente avec nos formations en alternance dans le secteur administratif : gestion, ressources humaines\u2026","breadcrumb":{"@id":"https:\/\/3asformations.fr\/index.php\/formation-administration\/#breadcrumb"},"inLanguage":"fr-FR","potentialAction":[{"@type":"ReadAction","target":["https:\/\/3asformations.fr\/index.php\/formation-administration\/"]}]},{"@type":"ImageObject","inLanguage":"fr-FR","@id":"https:\/\/3asformations.fr\/index.php\/formation-administration\/#primaryimage","url":"https:\/\/3asformations.fr\/wp-content\/uploads\/2026\/04\/Bouton-plaquette-TP-ARH-GM-Transformation.png","contentUrl":"https:\/\/3asformations.fr\/wp-content\/uploads\/2026\/04\/Bouton-plaquette-TP-ARH-GM-Transformation.png","width":1080,"height":1080},{"@type":"BreadcrumbList","@id":"https:\/\/3asformations.fr\/index.php\/formation-administration\/#breadcrumb","itemListElement":[{"@type":"ListItem","position":1,"name":"Accueil","item":"https:\/\/3asformations.fr\/"},{"@type":"ListItem","position":2,"name":"Alternance administratif"}]},{"@type":"WebSite","@id":"https:\/\/3asformations.fr\/#website","url":"https:\/\/3asformations.fr\/","name":"3AS Formations","description":"Au service de toutes les r\u00e9ussites !","publisher":{"@id":"https:\/\/3asformations.fr\/#organization"},"potentialAction":[{"@type":"SearchAction","target":{"@type":"EntryPoint","urlTemplate":"https:\/\/3asformations.fr\/?s={search_term_string}"},"query-input":{"@type":"PropertyValueSpecification","valueRequired":true,"valueName":"search_term_string"}}],"inLanguage":"fr-FR"},{"@type":"Organization","@id":"https:\/\/3asformations.fr\/#organization","name":"3AS Formations","url":"https:\/\/3asformations.fr\/","logo":{"@type":"ImageObject","inLanguage":"fr-FR","@id":"https:\/\/3asformations.fr\/#\/schema\/logo\/image\/","url":"https:\/\/3asformations.fr\/wp-content\/uploads\/2026\/03\/MALVINA-GM-TRANSFORMATION-compact-CMJN-1.png","contentUrl":"https:\/\/3asformations.fr\/wp-content\/uploads\/2026\/03\/MALVINA-GM-TRANSFORMATION-compact-CMJN-1.png","width":1134,"height":1134,"caption":"3AS Formations"},"image":{"@id":"https:\/\/3asformations.fr\/#\/schema\/logo\/image\/"},"sameAs":["https:\/\/www.facebook.com\/3ASFormations","https:\/\/www.instagram.com\/3asformations\/?fbclid=IwZXh0bgNhZW0CMTEAAR767GE3Dg1L6c9dLdjtUhYgaLYIyvdhWcWMETtPWSkp22ZbF3-mUVWU65U68Q_aem_-J_CkIy2IwqxhHZIl29sOQ","https:\/\/linktr.ee\/cfa3as"]}]}},"_links":{"self":[{"href":"https:\/\/3asformations.fr\/index.php\/wp-json\/wp\/v2\/pages\/189","targetHints":{"allow":["GET"]}}],"collection":[{"href":"https:\/\/3asformations.fr\/index.php\/wp-json\/wp\/v2\/pages"}],"about":[{"href":"https:\/\/3asformations.fr\/index.php\/wp-json\/wp\/v2\/types\/page"}],"author":[{"embeddable":true,"href":"https:\/\/3asformations.fr\/index.php\/wp-json\/wp\/v2\/users\/1"}],"replies":[{"embeddable":true,"href":"https:\/\/3asformations.fr\/index.php\/wp-json\/wp\/v2\/comments?post=189"}],"version-history":[{"count":43,"href":"https:\/\/3asformations.fr\/index.php\/wp-json\/wp\/v2\/pages\/189\/revisions"}],"predecessor-version":[{"id":1048,"href":"https:\/\/3asformations.fr\/index.php\/wp-json\/wp\/v2\/pages\/189\/revisions\/1048"}],"wp:attachment":[{"href":"https:\/\/3asformations.fr\/index.php\/wp-json\/wp\/v2\/media?parent=189"}],"curies":[{"name":"wp","href":"https:\/\/api.w.org\/{rel}","templated":true}]}}