{"id":19,"date":"2024-12-17T14:29:44","date_gmt":"2024-12-17T13:29:44","guid":{"rendered":"https:\/\/3asformations.fr\/?page_id=19"},"modified":"2026-03-25T17:31:06","modified_gmt":"2026-03-25T16:31:06","slug":"contact-3as-formations","status":"publish","type":"page","link":"https:\/\/3asformations.fr\/index.php\/contact-3as-formations\/","title":{"rendered":"Contact 3AS Formations"},"content":{"rendered":"\n<div class=\"wp-block-cover alignfull has-parallax is-repeated\" style=\"min-height:350px;aspect-ratio:unset;\"><div class=\"wp-block-cover__image-background wp-image-88 has-parallax is-repeated\" style=\"background-position:93% 37%;background-image:url(https:\/\/3asformations.fr\/wp-content\/uploads\/2024\/12\/unseen-studio-s9CC2SKySJM-unsplash-scaled.jpg)\"><\/div><span aria-hidden=\"true\" class=\"wp-block-cover__background has-background-dim-70 has-background-dim\" style=\"background-color:#433586\"><\/span><div class=\"wp-block-cover__inner-container has-global-padding is-layout-constrained wp-container-core-cover-is-layout-4383d167 wp-block-cover-is-layout-constrained\">\n<h2 class=\"wp-block-heading has-text-align-center has-text-color has-link-color has-suranna-font-family wp-elements-9636b2a887389417675130660ca3d0e4\" style=\"color:#ffffff;font-size:clamp(33.419px, 2.089rem + ((1vw - 3.2px) * 3.021), 60px);font-style:normal;font-weight:500\">Nous contacter<\/h2>\n<\/div><\/div>\n\n\n<style id=\"wpforms-css-vars-238-block-8b70d786-7edd-49fa-9781-0516af534d12\">\n\t\t\t\t#wpforms-238.wpforms-block-8b70d786-7edd-49fa-9781-0516af534d12 {\n\t\t\t\t--wpforms-label-color: #262626;\n--wpforms-label-sublabel-color: #7f7f7f;\n--wpforms-label-error-color: #ff0000;\n--wpforms-page-break-color: #dddddd;\n--wpforms-field-border-radius: 0px;\n--wpforms-field-border-color: #cccccc;\n--wpforms-field-border-color-spare: #cccccc;\n--wpforms-field-text-color: #444444;\n--wpforms-button-border-style: solid;\n--wpforms-button-border-radius: 0px;\n--wpforms-button-background-color: #dddddd;\n--wpforms-button-text-color: #666666;\n--wpforms-button-border-color: #cccccc;\n--wpforms-field-size-input-height: 43px;\n--wpforms-field-size-input-spacing: 15px;\n--wpforms-field-size-font-size: 16px;\n--wpforms-field-size-line-height: 19px;\n--wpforms-field-size-padding-h: 14px;\n--wpforms-field-size-checkbox-size: 16px;\n--wpforms-field-size-sublabel-spacing: 5px;\n--wpforms-field-size-icon-size: 1;\n--wpforms-label-size-font-size: 14px;\n--wpforms-label-size-line-height: 17px;\n--wpforms-label-size-sublabel-font-size: 13px;\n--wpforms-label-size-sublabel-line-height: 16px;\n--wpforms-button-size-font-size: 17px;\n--wpforms-button-size-height: 41px;\n--wpforms-button-size-padding-h: 15px;\n--wpforms-button-size-margin-top: 10px;\n\t\t\t}\n\t\t\t<\/style><div class=\"wpforms-container wpforms-container-full wpforms-block wpforms-block-8b70d786-7edd-49fa-9781-0516af534d12 wpforms-render-modern\" id=\"wpforms-238\"><form id=\"wpforms-form-238\" class=\"wpforms-validate wpforms-form wpforms-ajax-form\" data-formid=\"238\" method=\"post\" enctype=\"multipart\/form-data\" action=\"\/index.php\/wp-json\/wp\/v2\/pages\/19\" data-token=\"91079b67adf932b19a8a8bfece7731fa\" data-token-time=\"1776679070\"><noscript class=\"wpforms-error-noscript\">Veuillez activer JavaScript dans votre navigateur pour remplir ce formulaire.<\/noscript><div id=\"wpforms-error-noscript\" style=\"display: none;\">Veuillez activer JavaScript dans votre navigateur pour remplir ce formulaire.<\/div><div class=\"wpforms-field-container\"><div id=\"wpforms-238-field_1-container\" class=\"wpforms-field wpforms-field-name\" data-field-id=\"1\"><fieldset><legend class=\"wpforms-field-label\">Pr\u00e9sentation <span class=\"wpforms-required-label\" aria-hidden=\"true\">*<\/span><\/legend><div class=\"wpforms-field-row wpforms-field-medium\"><div class=\"wpforms-field-row-block wpforms-first wpforms-one-half\"><input type=\"text\" id=\"wpforms-238-field_1\" class=\"wpforms-field-name-first wpforms-field-required\" name=\"wpforms[fields][1][first]\" aria-errormessage=\"wpforms-238-field_1-error\" required><label for=\"wpforms-238-field_1\" class=\"wpforms-field-sublabel after\">Pr\u00e9nom<\/label><\/div><div class=\"wpforms-field-row-block wpforms-one-half\"><input type=\"text\" id=\"wpforms-238-field_1-last\" class=\"wpforms-field-name-last wpforms-field-required\" name=\"wpforms[fields][1][last]\" aria-errormessage=\"wpforms-238-field_1-last-error\" required><label for=\"wpforms-238-field_1-last\" class=\"wpforms-field-sublabel after\">Nom<\/label><\/div><\/div><\/fieldset><\/div>\t\t<div id=\"wpforms-238-field_2-container\"\n\t\t\tclass=\"wpforms-field wpforms-field-text\"\n\t\t\tdata-field-type=\"text\"\n\t\t\tdata-field-id=\"2\"\n\t\t\t>\n\t\t\t<label class=\"wpforms-field-label\" for=\"wpforms-238-field_2\" >Nous J&#039;aimerais par<\/label>\n\t\t\t<input type=\"text\" id=\"wpforms-238-field_2\" class=\"wpforms-field-medium\" name=\"wpforms[fields][2]\" >\n\t\t<\/div>\n\t\t<div id=\"wpforms-238-field_9-container\" class=\"wpforms-field wpforms-field-number\" data-field-id=\"9\"><label class=\"wpforms-field-label\" for=\"wpforms-238-field_9\">T\u00e9l\u00e9phone<\/label><input type=\"number\" id=\"wpforms-238-field_9\" class=\"wpforms-field-medium\" name=\"wpforms[fields][9]\" step=\"any\" aria-errormessage=\"wpforms-238-field_9-error\" ><\/div><div id=\"wpforms-238-field_8-container\" class=\"wpforms-field wpforms-field-email\" data-field-id=\"8\"><label class=\"wpforms-field-label\" for=\"wpforms-238-field_8\">Email <span class=\"wpforms-required-label\" aria-hidden=\"true\">*<\/span><\/label><input type=\"email\" id=\"wpforms-238-field_8\" class=\"wpforms-field-medium wpforms-field-required\" name=\"wpforms[fields][8]\" spellcheck=\"false\" aria-errormessage=\"wpforms-238-field_8-error\" required><\/div><div id=\"wpforms-238-field_4-container\" class=\"wpforms-field wpforms-field-radio\" data-field-id=\"4\"><fieldset><legend class=\"wpforms-field-label\">J&#039;aimerais effectuer une formation dans ce centre <span class=\"wpforms-required-label\" aria-hidden=\"true\">*<\/span><\/legend><ul id=\"wpforms-238-field_4\" class=\"wpforms-field-required\"><li class=\"choice-1 depth-1\"><input type=\"radio\" id=\"wpforms-238-field_4_1\" name=\"wpforms[fields][4]\" value=\"Lens\" aria-errormessage=\"wpforms-238-field_4_1-error\" required ><label class=\"wpforms-field-label-inline\" for=\"wpforms-238-field_4_1\">Lens<\/label><\/li><\/ul><\/fieldset><\/div><div id=\"wpforms-238-field_6-container\" class=\"wpforms-field wpforms-field-select wpforms-field-select-style-classic\" data-field-id=\"6\"><label class=\"wpforms-field-label\" for=\"wpforms-238-field_6\">Je suis int\u00e9ress\u00e9(e) par cette formation <span class=\"wpforms-required-label\" aria-hidden=\"true\">*<\/span><\/label><select id=\"wpforms-238-field_6\" class=\"wpforms-field-medium wpforms-field-required\" name=\"wpforms[fields][6]\" required=\"required\"><option value=\"Alternance Commerce EC (Employ\u00e9 Commercial)\"  class=\"choice-1 depth-1\"  >Alternance Commerce EC (Employ\u00e9 Commercial)<\/option><option value=\"Alternance Commerce CV (Conseiller Vente)\"  class=\"choice-2 depth-1\"  >Alternance Commerce CV (Conseiller Vente)<\/option><option value=\"Alternance Commerce MUM (Manager Unit\u00e9 Marchande)\"  class=\"choice-3 depth-1\"  >Alternance Commerce MUM (Manager Unit\u00e9 Marchande)<\/option><option value=\"Alternance Restauration EPR (Employ\u00e9 Polyvalent en Restauration)\"  class=\"choice-15 depth-1\"  >Alternance Restauration EPR (Employ\u00e9 Polyvalent en Restauration)<\/option><option value=\"Alternance Restauration SR (Serveur en Restaurant)\"  class=\"choice-16 depth-1\"  >Alternance Restauration SR (Serveur en Restaurant)<\/option><option value=\"Alternance Service Personne AEPE (Accompagnant Educatif Petite Enfance)\"  class=\"choice-5 depth-1\"  >Alternance Service Personne AEPE (Accompagnant Educatif Petite Enfance)<\/option><option value=\"Alternance Service Personne AVF (Assistant de Vie aux Familles)\"  class=\"choice-13 depth-1\"  >Alternance Service Personne AVF (Assistant de Vie aux Familles)<\/option><option value=\"Alternance Service Personne APH (Agent Propret\u00e9 et d&#039;Hygi\u00e8ne)\"  class=\"choice-14 depth-1\"  >Alternance Service Personne APH (Agent Propret\u00e9 et d&rsquo;Hygi\u00e8ne)<\/option><option value=\"Formation Cybers\u00e9curit\u00e9\"  class=\"choice-18 depth-1\"  >Formation Cybers\u00e9curit\u00e9<\/option><option value=\"Formation Intelligence Artificielle\"  class=\"choice-6 depth-1\"  >Formation Intelligence Artificielle<\/option><option value=\"Formation Logiciels bureautique\"  class=\"choice-19 depth-1\"  >Formation Logiciels bureautique<\/option><option value=\"Formation Solutions gestion\"  class=\"choice-20 depth-1\"  >Formation Solutions gestion<\/option><option value=\"Formation Techniques de vente\"  class=\"choice-9 depth-1\"  >Formation Techniques de vente<\/option><option value=\"Formation SST (Sauveteur Secouriste du Travail)\"  class=\"choice-21 depth-1\"  >Formation SST (Sauveteur Secouriste du Travail)<\/option><option value=\"Formation Equipier Premi\u00e8re Intervention\"  class=\"choice-22 depth-1\"  >Formation Equipier Premi\u00e8re Intervention<\/option><option value=\"Autre demande\"  class=\"choice-8 depth-1\"  >Autre demande<\/option><\/select><\/div><div id=\"wpforms-238-field_7-container\" class=\"wpforms-field wpforms-field-textarea\" data-field-id=\"7\"><label class=\"wpforms-field-label\" for=\"wpforms-238-field_7\">Nous sommes \u00e0 votre \u00e9coute, un commentaire, une\/des question(s)?<\/label><textarea id=\"wpforms-238-field_7\" class=\"wpforms-field-medium\" name=\"wpforms[fields][7]\" aria-errormessage=\"wpforms-238-field_7-error\" ><\/textarea><\/div><script>\n\t\t\t\t( function() {\n\t\t\t\t\tconst style = document.createElement( 'style' );\n\t\t\t\t\tstyle.appendChild( document.createTextNode( '#wpforms-238-field_2-container { position: absolute !important; overflow: hidden !important; display: inline !important; height: 1px !important; width: 1px !important; z-index: -1000 !important; padding: 0 !important; } #wpforms-238-field_2-container input { visibility: hidden; } #wpforms-conversational-form-page #wpforms-238-field_2-container label { counter-increment: none; }' ) );\n\t\t\t\t\tdocument.head.appendChild( style );\n\t\t\t\t\tdocument.currentScript?.remove();\n\t\t\t\t} )();\n\t\t\t<\/script><\/div><!-- .wpforms-field-container --><div class=\"wpforms-submit-container\" ><input type=\"hidden\" name=\"wpforms[id]\" value=\"238\"><input type=\"hidden\" name=\"page_title\" value=\"\"><input type=\"hidden\" name=\"page_url\" value=\"https:\/\/3asformations.fr\/index.php\/wp-json\/wp\/v2\/pages\/19\"><input type=\"hidden\" name=\"url_referer\" value=\"\"><button type=\"submit\" name=\"wpforms[submit]\" id=\"wpforms-submit-238\" class=\"wpforms-submit\" data-alt-text=\"Sending...\" data-submit-text=\"Submit\" aria-live=\"assertive\" value=\"wpforms-submit\">Submit<\/button><img loading=\"lazy\" decoding=\"async\" src=\"https:\/\/3asformations.fr\/wp-content\/plugins\/wpforms-lite\/assets\/images\/submit-spin.svg\" class=\"wpforms-submit-spinner\" style=\"display: none;\" width=\"26\" height=\"26\" alt=\"Chargement en cours\"><\/div><\/form><\/div>  <!-- .wpforms-container -->","protected":false},"excerpt":{"rendered":"","protected":false},"author":1,"featured_media":0,"parent":0,"menu_order":0,"comment_status":"closed","ping_status":"closed","template":"","meta":{"footnotes":""},"class_list":["post-19","page","type-page","status-publish","hentry"],"yoast_head":"<!-- This site is optimized with the Yoast SEO plugin v27.4 - https:\/\/yoast.com\/product\/yoast-seo-wordpress\/ -->\n<title>Contact 3AS Formations - GM Ttransformation<\/title>\n<meta name=\"description\" content=\"Besoins d&#039;informations compl\u00e9mentaires sur nos formations, prenez contact avec nous! Notre \u00e9quipe est l\u00e0 pour vous r\u00e9pondre.\" \/>\n<meta name=\"robots\" content=\"index, follow, max-snippet:-1, max-image-preview:large, max-video-preview:-1\" \/>\n<link rel=\"canonical\" href=\"https:\/\/3asformations.fr\/index.php\/contact-3as-formations\/\" \/>\n<meta property=\"og:locale\" content=\"fr_FR\" \/>\n<meta property=\"og:type\" content=\"article\" \/>\n<meta property=\"og:title\" content=\"Contact 3AS Formations - GM Ttransformation\" \/>\n<meta property=\"og:description\" content=\"Besoins d&#039;informations compl\u00e9mentaires sur nos formations, prenez contact avec nous! Notre \u00e9quipe est l\u00e0 pour vous r\u00e9pondre.\" \/>\n<meta property=\"og:url\" content=\"https:\/\/3asformations.fr\/index.php\/contact-3as-formations\/\" \/>\n<meta property=\"og:site_name\" content=\"GM Ttransformation\" \/>\n<meta property=\"article:publisher\" content=\"https:\/\/www.facebook.com\/3ASFormations\" \/>\n<meta property=\"article:modified_time\" content=\"2026-03-25T16:31:06+00:00\" \/>\n<meta name=\"twitter:card\" content=\"summary_large_image\" \/>\n<meta name=\"twitter:label1\" content=\"Dur\u00e9e de lecture estim\u00e9e\" \/>\n\t<meta name=\"twitter:data1\" content=\"1 minute\" \/>\n<script type=\"application\/ld+json\" class=\"yoast-schema-graph\">{\"@context\":\"https:\\\/\\\/schema.org\",\"@graph\":[{\"@type\":\"WebPage\",\"@id\":\"https:\\\/\\\/3asformations.fr\\\/index.php\\\/contact-3as-formations\\\/\",\"url\":\"https:\\\/\\\/3asformations.fr\\\/index.php\\\/contact-3as-formations\\\/\",\"name\":\"Contact 3AS Formations - GM Ttransformation\",\"isPartOf\":{\"@id\":\"https:\\\/\\\/3asformations.fr\\\/#website\"},\"datePublished\":\"2024-12-17T13:29:44+00:00\",\"dateModified\":\"2026-03-25T16:31:06+00:00\",\"description\":\"Besoins d'informations compl\u00e9mentaires sur nos formations, prenez contact avec nous! Notre \u00e9quipe est l\u00e0 pour vous r\u00e9pondre.\",\"breadcrumb\":{\"@id\":\"https:\\\/\\\/3asformations.fr\\\/index.php\\\/contact-3as-formations\\\/#breadcrumb\"},\"inLanguage\":\"fr-FR\",\"potentialAction\":[{\"@type\":\"ReadAction\",\"target\":[\"https:\\\/\\\/3asformations.fr\\\/index.php\\\/contact-3as-formations\\\/\"]}]},{\"@type\":\"BreadcrumbList\",\"@id\":\"https:\\\/\\\/3asformations.fr\\\/index.php\\\/contact-3as-formations\\\/#breadcrumb\",\"itemListElement\":[{\"@type\":\"ListItem\",\"position\":1,\"name\":\"Accueil\",\"item\":\"https:\\\/\\\/3asformations.fr\\\/\"},{\"@type\":\"ListItem\",\"position\":2,\"name\":\"Contact 3AS Formations\"}]},{\"@type\":\"WebSite\",\"@id\":\"https:\\\/\\\/3asformations.fr\\\/#website\",\"url\":\"https:\\\/\\\/3asformations.fr\\\/\",\"name\":\"3AS Formations\",\"description\":\"Au service de toutes les r\u00e9ussites !\",\"publisher\":{\"@id\":\"https:\\\/\\\/3asformations.fr\\\/#organization\"},\"potentialAction\":[{\"@type\":\"SearchAction\",\"target\":{\"@type\":\"EntryPoint\",\"urlTemplate\":\"https:\\\/\\\/3asformations.fr\\\/?s={search_term_string}\"},\"query-input\":{\"@type\":\"PropertyValueSpecification\",\"valueRequired\":true,\"valueName\":\"search_term_string\"}}],\"inLanguage\":\"fr-FR\"},{\"@type\":\"Organization\",\"@id\":\"https:\\\/\\\/3asformations.fr\\\/#organization\",\"name\":\"3AS Formations\",\"url\":\"https:\\\/\\\/3asformations.fr\\\/\",\"logo\":{\"@type\":\"ImageObject\",\"inLanguage\":\"fr-FR\",\"@id\":\"https:\\\/\\\/3asformations.fr\\\/#\\\/schema\\\/logo\\\/image\\\/\",\"url\":\"https:\\\/\\\/3asformations.fr\\\/wp-content\\\/uploads\\\/2026\\\/03\\\/MALVINA-GM-TRANSFORMATION-compact-CMJN-1.png\",\"contentUrl\":\"https:\\\/\\\/3asformations.fr\\\/wp-content\\\/uploads\\\/2026\\\/03\\\/MALVINA-GM-TRANSFORMATION-compact-CMJN-1.png\",\"width\":1134,\"height\":1134,\"caption\":\"3AS Formations\"},\"image\":{\"@id\":\"https:\\\/\\\/3asformations.fr\\\/#\\\/schema\\\/logo\\\/image\\\/\"},\"sameAs\":[\"https:\\\/\\\/www.facebook.com\\\/3ASFormations\",\"https:\\\/\\\/www.instagram.com\\\/3asformations\\\/?fbclid=IwZXh0bgNhZW0CMTEAAR767GE3Dg1L6c9dLdjtUhYgaLYIyvdhWcWMETtPWSkp22ZbF3-mUVWU65U68Q_aem_-J_CkIy2IwqxhHZIl29sOQ\",\"https:\\\/\\\/linktr.ee\\\/cfa3as\"]}]}<\/script>\n<!-- \/ Yoast SEO plugin. -->","yoast_head_json":{"title":"Contact 3AS Formations - GM Ttransformation","description":"Besoins d'informations compl\u00e9mentaires sur nos formations, prenez contact avec nous! Notre \u00e9quipe est l\u00e0 pour vous r\u00e9pondre.","robots":{"index":"index","follow":"follow","max-snippet":"max-snippet:-1","max-image-preview":"max-image-preview:large","max-video-preview":"max-video-preview:-1"},"canonical":"https:\/\/3asformations.fr\/index.php\/contact-3as-formations\/","og_locale":"fr_FR","og_type":"article","og_title":"Contact 3AS Formations - GM Ttransformation","og_description":"Besoins d'informations compl\u00e9mentaires sur nos formations, prenez contact avec nous! Notre \u00e9quipe est l\u00e0 pour vous r\u00e9pondre.","og_url":"https:\/\/3asformations.fr\/index.php\/contact-3as-formations\/","og_site_name":"GM Ttransformation","article_publisher":"https:\/\/www.facebook.com\/3ASFormations","article_modified_time":"2026-03-25T16:31:06+00:00","twitter_card":"summary_large_image","twitter_misc":{"Dur\u00e9e de lecture estim\u00e9e":"1 minute"},"schema":{"@context":"https:\/\/schema.org","@graph":[{"@type":"WebPage","@id":"https:\/\/3asformations.fr\/index.php\/contact-3as-formations\/","url":"https:\/\/3asformations.fr\/index.php\/contact-3as-formations\/","name":"Contact 3AS Formations - GM Ttransformation","isPartOf":{"@id":"https:\/\/3asformations.fr\/#website"},"datePublished":"2024-12-17T13:29:44+00:00","dateModified":"2026-03-25T16:31:06+00:00","description":"Besoins d'informations compl\u00e9mentaires sur nos formations, prenez contact avec nous! Notre \u00e9quipe est l\u00e0 pour vous r\u00e9pondre.","breadcrumb":{"@id":"https:\/\/3asformations.fr\/index.php\/contact-3as-formations\/#breadcrumb"},"inLanguage":"fr-FR","potentialAction":[{"@type":"ReadAction","target":["https:\/\/3asformations.fr\/index.php\/contact-3as-formations\/"]}]},{"@type":"BreadcrumbList","@id":"https:\/\/3asformations.fr\/index.php\/contact-3as-formations\/#breadcrumb","itemListElement":[{"@type":"ListItem","position":1,"name":"Accueil","item":"https:\/\/3asformations.fr\/"},{"@type":"ListItem","position":2,"name":"Contact 3AS Formations"}]},{"@type":"WebSite","@id":"https:\/\/3asformations.fr\/#website","url":"https:\/\/3asformations.fr\/","name":"3AS Formations","description":"Au service de toutes les r\u00e9ussites !","publisher":{"@id":"https:\/\/3asformations.fr\/#organization"},"potentialAction":[{"@type":"SearchAction","target":{"@type":"EntryPoint","urlTemplate":"https:\/\/3asformations.fr\/?s={search_term_string}"},"query-input":{"@type":"PropertyValueSpecification","valueRequired":true,"valueName":"search_term_string"}}],"inLanguage":"fr-FR"},{"@type":"Organization","@id":"https:\/\/3asformations.fr\/#organization","name":"3AS Formations","url":"https:\/\/3asformations.fr\/","logo":{"@type":"ImageObject","inLanguage":"fr-FR","@id":"https:\/\/3asformations.fr\/#\/schema\/logo\/image\/","url":"https:\/\/3asformations.fr\/wp-content\/uploads\/2026\/03\/MALVINA-GM-TRANSFORMATION-compact-CMJN-1.png","contentUrl":"https:\/\/3asformations.fr\/wp-content\/uploads\/2026\/03\/MALVINA-GM-TRANSFORMATION-compact-CMJN-1.png","width":1134,"height":1134,"caption":"3AS Formations"},"image":{"@id":"https:\/\/3asformations.fr\/#\/schema\/logo\/image\/"},"sameAs":["https:\/\/www.facebook.com\/3ASFormations","https:\/\/www.instagram.com\/3asformations\/?fbclid=IwZXh0bgNhZW0CMTEAAR767GE3Dg1L6c9dLdjtUhYgaLYIyvdhWcWMETtPWSkp22ZbF3-mUVWU65U68Q_aem_-J_CkIy2IwqxhHZIl29sOQ","https:\/\/linktr.ee\/cfa3as"]}]}},"_links":{"self":[{"href":"https:\/\/3asformations.fr\/index.php\/wp-json\/wp\/v2\/pages\/19","targetHints":{"allow":["GET"]}}],"collection":[{"href":"https:\/\/3asformations.fr\/index.php\/wp-json\/wp\/v2\/pages"}],"about":[{"href":"https:\/\/3asformations.fr\/index.php\/wp-json\/wp\/v2\/types\/page"}],"author":[{"embeddable":true,"href":"https:\/\/3asformations.fr\/index.php\/wp-json\/wp\/v2\/users\/1"}],"replies":[{"embeddable":true,"href":"https:\/\/3asformations.fr\/index.php\/wp-json\/wp\/v2\/comments?post=19"}],"version-history":[{"count":11,"href":"https:\/\/3asformations.fr\/index.php\/wp-json\/wp\/v2\/pages\/19\/revisions"}],"predecessor-version":[{"id":910,"href":"https:\/\/3asformations.fr\/index.php\/wp-json\/wp\/v2\/pages\/19\/revisions\/910"}],"wp:attachment":[{"href":"https:\/\/3asformations.fr\/index.php\/wp-json\/wp\/v2\/media?parent=19"}],"curies":[{"name":"wp","href":"https:\/\/api.w.org\/{rel}","templated":true}]}}