{"id":194,"date":"2025-02-05T16:52:25","date_gmt":"2025-02-05T15:52:25","guid":{"rendered":"https:\/\/3asformations.fr\/?page_id=194"},"modified":"2026-04-07T22:37:20","modified_gmt":"2026-04-07T20:37:20","slug":"alternance-service-a-la-personne","status":"publish","type":"page","link":"https:\/\/3asformations.fr\/index.php\/alternance-service-a-la-personne\/","title":{"rendered":"Alternance service \u00e0 la personne"},"content":{"rendered":"\n<div class=\"wp-block-cover alignfull has-parallax is-repeated\" style=\"min-height:350px;aspect-ratio:unset;\"><div class=\"wp-block-cover__image-background wp-image-48 has-parallax is-repeated\" style=\"background-position:40% 21%;background-image:url(https:\/\/3asformations.fr\/wp-content\/uploads\/2024\/12\/pexels-fauxels-3184434-scaled.jpg)\"><\/div><span aria-hidden=\"true\" class=\"wp-block-cover__background has-background-dim-70 has-background-dim\" style=\"background-color:#433586\"><\/span><div class=\"wp-block-cover__inner-container has-global-padding is-layout-constrained wp-container-core-cover-is-layout-4383d167 wp-block-cover-is-layout-constrained\">\n<h1 class=\"wp-block-heading has-text-align-center has-text-color has-link-color has-suranna-font-family wp-elements-564ac3c34da2d777bfde22d81aea355d\" style=\"color:#ffffff;font-size:clamp(33.419px, 2.089rem + ((1vw - 3.2px) * 3.021), 60px);font-style:normal;font-weight:500\">Formations en alternance services \u00e0 la personne : donnez du sens \u00e0 votre m\u00e9tier<\/h1>\n<\/div><\/div>\n\n\n\n<p class=\"has-text-align-center\">Engag\u00e9(e), \u00e0 l\u2019<strong>\u00e9coute<\/strong>, et tourn\u00e9(e) vers l\u2019<strong>humain<\/strong> ? <\/p>\n\n\n\n<p class=\"has-text-align-center\">Nos formations en alternance dans le secteur des services \u00e0 la personne vous pr\u00e9parent \u00e0 des <strong>m\u00e9tiers essentiels et enrichissants<\/strong>. <\/p>\n\n\n\n<p class=\"has-text-align-center\">Avec GM Transformation, vous vous <strong>formez sur le terrain<\/strong>, tout en b\u00e9n\u00e9ficiant d\u2019un <strong>accompagnement personnalis\u00e9<\/strong> vers la r\u00e9ussite et l\u2019emploi.<\/p>\n\n\n\n<div class=\"wp-block-group alignfull has-background has-global-padding is-layout-constrained wp-container-core-group-is-layout-6b52e980 wp-block-group-is-layout-constrained\" style=\"background-color:#ffffff;padding-top:100px;padding-right:1rem;padding-bottom:100px;padding-left:1rem\">\n<div class=\"wp-block-media-text alignwide is-stacked-on-mobile\" style=\"margin-right:0;margin-left:0;padding-right:0;padding-left:0\"><figure class=\"wp-block-media-text__media\"><a href=\"https:\/\/3asformations.fr\/wp-content\/uploads\/2026\/04\/GMT-CAP-AEPE.pdf\" target=\"_blank\" rel=\" noreferrer noopener\"><img loading=\"lazy\" decoding=\"async\" width=\"1024\" height=\"1024\" src=\"https:\/\/3asformations.fr\/wp-content\/uploads\/2026\/04\/Bouton-plaquette-CAP-AEPE-GM-Transformation-1024x1024.png\" alt=\"\" class=\"wp-image-978 size-full\" srcset=\"https:\/\/3asformations.fr\/wp-content\/uploads\/2026\/04\/Bouton-plaquette-CAP-AEPE-GM-Transformation-1024x1024.png 1024w, https:\/\/3asformations.fr\/wp-content\/uploads\/2026\/04\/Bouton-plaquette-CAP-AEPE-GM-Transformation-300x300.png 300w, https:\/\/3asformations.fr\/wp-content\/uploads\/2026\/04\/Bouton-plaquette-CAP-AEPE-GM-Transformation-150x150.png 150w, https:\/\/3asformations.fr\/wp-content\/uploads\/2026\/04\/Bouton-plaquette-CAP-AEPE-GM-Transformation-768x768.png 768w, https:\/\/3asformations.fr\/wp-content\/uploads\/2026\/04\/Bouton-plaquette-CAP-AEPE-GM-Transformation.png 1080w\" sizes=\"auto, (max-width: 1024px) 100vw, 1024px\" \/><\/a><\/figure><div class=\"wp-block-media-text__content\">\n<div class=\"wp-block-group has-global-padding is-layout-constrained wp-container-core-group-is-layout-b1f12783 wp-block-group-is-layout-constrained\" style=\"padding-top:1.4rem;padding-right:0;padding-bottom:0rem;padding-left:1rem\">\n<h2 class=\"wp-block-heading has-text-align-center has-text-color has-jost-font-family\" style=\"color:#433586;font-size:clamp(1.837rem, 1.837rem + ((1vw - 0.2rem) * 2.478), 3.2rem);font-style:normal;font-weight:700\">Accompagnant(e) \u00c9ducatif Petite Enfance<\/h2>\n\n\n\n<p class=\"has-text-align-center has-text-color has-link-color has-jost-font-family wp-elements-9f2e49efe600a8d823a15d7a888e934c\" style=\"color:#000000;font-size:clamp(14px, 0.875rem + ((1vw - 3.2px) * 0.455), 18px);\">Cette formation permet d\u2019animer des activit\u00e9s d\u2019\u00e9veil et de r\u00e9aliser les soins du quotidien aupr\u00e8s d\u2019enfants de moins de 6 ans, que ce soit en structures d\u2019accueil collectives, individuelles ou directement \u00e0 domicile.<\/p>\n\n\n\n<p>\ud83d\udca1 <strong>Objectifs de la formation<\/strong><\/p>\n\n\n\n<ul class=\"wp-block-list\">\n<li>Accueillir et accompagner les jeunes enfants dans leur quotidien<\/li>\n\n\n\n<li>Assurer leur s\u00e9curit\u00e9, leur hygi\u00e8ne et leur bien-\u00eatre<\/li>\n\n\n\n<li>Contribuer \u00e0 leur d\u00e9veloppement et \u00e0 l\u2019animation d\u2019activit\u00e9s \u00e9ducatives<\/li>\n\n\n\n<li>Collaborer avec les professionnels de la Petite Enfance<\/li>\n<\/ul>\n\n\n\n<p><strong>Lieu de formation<\/strong> : Lens<\/p>\n\n\n\n<p>\ud83d\udcc6 <strong>Dur\u00e9e<\/strong> : 12 mois <br>\u23f3<strong> Rythme<\/strong> : 1 jour de formation par semaine environ<br>\ud83d\udccd <strong>Modalit\u00e9s<\/strong> : formation en pr\u00e9sentiel et en alternance<br>\ud83d\udcdc <strong>Validation<\/strong> : \u00e9valuation continue et examen final<\/p>\n\n\n\n<p>\ud83c\udfaf <strong>Taux de r\u00e9ussite 2025 : 100 %<\/strong><\/p>\n\n\n\n<p class=\"has-text-align-center\">\ud83c\udf93 <strong>CAP Accompagnant \u00c9ducatif Petite Enfance<\/strong> (\u00e9quivalent BEP &#8211; Niveau 3)<br>\ud83d\udccc <strong>Code RNCP<\/strong> : 38565<br>\ud83c\udfdb <strong>Certifi\u00e9 par<\/strong> : Minist\u00e8re de l\u2019\u00c9ducation Nationale et de la Jeunesse<\/p>\n\n\n\n<p class=\"has-text-align-center\">Fiche France Comp\u00e9tences <a href=\"https:\/\/www.francecompetences.fr\/recherche\/rncp\/38565\/\" target=\"_blank\" rel=\"noreferrer noopener\">ici<\/a><\/p>\n\n\n\n<div class=\"wp-block-buttons is-content-justification-center is-layout-flex wp-container-core-buttons-is-layout-7c378c05 wp-block-buttons-is-layout-flex\" style=\"margin-top:2rem\">\n<div class=\"wp-block-button\"><a class=\"wp-block-button__link has-text-color has-background has-custom-font-size wp-element-button\" href=\"https:\/\/3asformations.fr\/index.php\/contact-3as-formations\/\" style=\"border-style:none;border-width:0px;border-radius:0px;color:#433586;background-color:#efc415;padding-top:10px;padding-right:20px;padding-bottom:10px;padding-left:20px;font-size:clamp(0.875rem, 0.875rem + ((1vw - 0.2rem) * 0.409), 1.1rem);\"><strong>Je souhaite en savoir plus sur cette formation<\/strong><\/a><\/div>\n<\/div>\n<\/div>\n<\/div><\/div>\n\n\n\n\n<\/div>\n\n\n\n<p><\/p>\n","protected":false},"excerpt":{"rendered":"<p>Engag\u00e9(e), \u00e0 l\u2019\u00e9coute, et tourn\u00e9(e) vers l\u2019humain ? Nos formations en alternance dans le secteur des services \u00e0 la personne vous pr\u00e9parent \u00e0 des m\u00e9tiers essentiels et enrichissants. Avec GM Transformation, vous vous formez sur le terrain, tout en b\u00e9n\u00e9ficiant d\u2019un accompagnement personnalis\u00e9 vers la r\u00e9ussite et l\u2019emploi. Accompagnant(e) \u00c9ducatif Petite Enfance Cette formation permet [&hellip;]<\/p>\n","protected":false},"author":1,"featured_media":0,"parent":0,"menu_order":0,"comment_status":"closed","ping_status":"closed","template":"","meta":{"footnotes":""},"class_list":["post-194","page","type-page","status-publish","hentry"],"yoast_head":"<!-- This site is optimized with the Yoast SEO plugin v27.4 - https:\/\/yoast.com\/product\/yoast-seo-wordpress\/ -->\n<title>Alternance service \u00e0 la personne - GM Ttransformation<\/title>\n<meta name=\"description\" content=\"Pr\u00e9parez un m\u00e9tier utile et tourn\u00e9 vers l&#039;humain gr\u00e2ce \u00e0 nos formations en alternance dans les services \u00e0 la personne.\" \/>\n<meta name=\"robots\" content=\"index, follow, max-snippet:-1, max-image-preview:large, max-video-preview:-1\" \/>\n<link rel=\"canonical\" href=\"https:\/\/3asformations.fr\/index.php\/alternance-service-a-la-personne\/\" \/>\n<meta property=\"og:locale\" content=\"fr_FR\" \/>\n<meta property=\"og:type\" content=\"article\" \/>\n<meta property=\"og:title\" content=\"Alternance service \u00e0 la personne - GM Ttransformation\" \/>\n<meta property=\"og:description\" content=\"Pr\u00e9parez un m\u00e9tier utile et tourn\u00e9 vers l&#039;humain gr\u00e2ce \u00e0 nos formations en alternance dans les services \u00e0 la personne.\" \/>\n<meta property=\"og:url\" content=\"https:\/\/3asformations.fr\/index.php\/alternance-service-a-la-personne\/\" \/>\n<meta property=\"og:site_name\" content=\"GM Ttransformation\" \/>\n<meta property=\"article:publisher\" content=\"https:\/\/www.facebook.com\/3ASFormations\" \/>\n<meta property=\"article:modified_time\" content=\"2026-04-07T20:37:20+00:00\" \/>\n<meta property=\"og:image\" content=\"https:\/\/3asformations.fr\/wp-content\/uploads\/2026\/04\/Bouton-plaquette-CAP-AEPE-GM-Transformation.png\" \/>\n\t<meta property=\"og:image:width\" content=\"1080\" \/>\n\t<meta property=\"og:image:height\" content=\"1080\" \/>\n\t<meta property=\"og:image:type\" content=\"image\/png\" \/>\n<meta name=\"twitter:card\" content=\"summary_large_image\" \/>\n<meta name=\"twitter:label1\" content=\"Dur\u00e9e de lecture estim\u00e9e\" \/>\n\t<meta name=\"twitter:data1\" content=\"4 minutes\" \/>\n<script type=\"application\/ld+json\" class=\"yoast-schema-graph\">{\"@context\":\"https:\\\/\\\/schema.org\",\"@graph\":[{\"@type\":\"WebPage\",\"@id\":\"https:\\\/\\\/3asformations.fr\\\/index.php\\\/alternance-service-a-la-personne\\\/\",\"url\":\"https:\\\/\\\/3asformations.fr\\\/index.php\\\/alternance-service-a-la-personne\\\/\",\"name\":\"Alternance service \u00e0 la personne - GM Ttransformation\",\"isPartOf\":{\"@id\":\"https:\\\/\\\/3asformations.fr\\\/#website\"},\"primaryImageOfPage\":{\"@id\":\"https:\\\/\\\/3asformations.fr\\\/index.php\\\/alternance-service-a-la-personne\\\/#primaryimage\"},\"image\":{\"@id\":\"https:\\\/\\\/3asformations.fr\\\/index.php\\\/alternance-service-a-la-personne\\\/#primaryimage\"},\"thumbnailUrl\":\"https:\\\/\\\/3asformations.fr\\\/wp-content\\\/uploads\\\/2026\\\/04\\\/Bouton-plaquette-CAP-AEPE-GM-Transformation-1024x1024.png\",\"datePublished\":\"2025-02-05T15:52:25+00:00\",\"dateModified\":\"2026-04-07T20:37:20+00:00\",\"description\":\"Pr\u00e9parez un m\u00e9tier utile et tourn\u00e9 vers l'humain gr\u00e2ce \u00e0 nos formations en alternance dans les services \u00e0 la personne.\",\"breadcrumb\":{\"@id\":\"https:\\\/\\\/3asformations.fr\\\/index.php\\\/alternance-service-a-la-personne\\\/#breadcrumb\"},\"inLanguage\":\"fr-FR\",\"potentialAction\":[{\"@type\":\"ReadAction\",\"target\":[\"https:\\\/\\\/3asformations.fr\\\/index.php\\\/alternance-service-a-la-personne\\\/\"]}]},{\"@type\":\"ImageObject\",\"inLanguage\":\"fr-FR\",\"@id\":\"https:\\\/\\\/3asformations.fr\\\/index.php\\\/alternance-service-a-la-personne\\\/#primaryimage\",\"url\":\"https:\\\/\\\/3asformations.fr\\\/wp-content\\\/uploads\\\/2026\\\/04\\\/Bouton-plaquette-CAP-AEPE-GM-Transformation.png\",\"contentUrl\":\"https:\\\/\\\/3asformations.fr\\\/wp-content\\\/uploads\\\/2026\\\/04\\\/Bouton-plaquette-CAP-AEPE-GM-Transformation.png\",\"width\":1080,\"height\":1080},{\"@type\":\"BreadcrumbList\",\"@id\":\"https:\\\/\\\/3asformations.fr\\\/index.php\\\/alternance-service-a-la-personne\\\/#breadcrumb\",\"itemListElement\":[{\"@type\":\"ListItem\",\"position\":1,\"name\":\"Accueil\",\"item\":\"https:\\\/\\\/3asformations.fr\\\/\"},{\"@type\":\"ListItem\",\"position\":2,\"name\":\"Alternance service \u00e0 la personne\"}]},{\"@type\":\"WebSite\",\"@id\":\"https:\\\/\\\/3asformations.fr\\\/#website\",\"url\":\"https:\\\/\\\/3asformations.fr\\\/\",\"name\":\"3AS Formations\",\"description\":\"Au service de toutes les r\u00e9ussites !\",\"publisher\":{\"@id\":\"https:\\\/\\\/3asformations.fr\\\/#organization\"},\"potentialAction\":[{\"@type\":\"SearchAction\",\"target\":{\"@type\":\"EntryPoint\",\"urlTemplate\":\"https:\\\/\\\/3asformations.fr\\\/?s={search_term_string}\"},\"query-input\":{\"@type\":\"PropertyValueSpecification\",\"valueRequired\":true,\"valueName\":\"search_term_string\"}}],\"inLanguage\":\"fr-FR\"},{\"@type\":\"Organization\",\"@id\":\"https:\\\/\\\/3asformations.fr\\\/#organization\",\"name\":\"3AS Formations\",\"url\":\"https:\\\/\\\/3asformations.fr\\\/\",\"logo\":{\"@type\":\"ImageObject\",\"inLanguage\":\"fr-FR\",\"@id\":\"https:\\\/\\\/3asformations.fr\\\/#\\\/schema\\\/logo\\\/image\\\/\",\"url\":\"https:\\\/\\\/3asformations.fr\\\/wp-content\\\/uploads\\\/2026\\\/03\\\/MALVINA-GM-TRANSFORMATION-compact-CMJN-1.png\",\"contentUrl\":\"https:\\\/\\\/3asformations.fr\\\/wp-content\\\/uploads\\\/2026\\\/03\\\/MALVINA-GM-TRANSFORMATION-compact-CMJN-1.png\",\"width\":1134,\"height\":1134,\"caption\":\"3AS Formations\"},\"image\":{\"@id\":\"https:\\\/\\\/3asformations.fr\\\/#\\\/schema\\\/logo\\\/image\\\/\"},\"sameAs\":[\"https:\\\/\\\/www.facebook.com\\\/3ASFormations\",\"https:\\\/\\\/www.instagram.com\\\/3asformations\\\/?fbclid=IwZXh0bgNhZW0CMTEAAR767GE3Dg1L6c9dLdjtUhYgaLYIyvdhWcWMETtPWSkp22ZbF3-mUVWU65U68Q_aem_-J_CkIy2IwqxhHZIl29sOQ\",\"https:\\\/\\\/linktr.ee\\\/cfa3as\"]}]}<\/script>\n<!-- \/ Yoast SEO plugin. -->","yoast_head_json":{"title":"Alternance service \u00e0 la personne - GM Ttransformation","description":"Pr\u00e9parez un m\u00e9tier utile et tourn\u00e9 vers l'humain gr\u00e2ce \u00e0 nos formations en alternance dans les services \u00e0 la personne.","robots":{"index":"index","follow":"follow","max-snippet":"max-snippet:-1","max-image-preview":"max-image-preview:large","max-video-preview":"max-video-preview:-1"},"canonical":"https:\/\/3asformations.fr\/index.php\/alternance-service-a-la-personne\/","og_locale":"fr_FR","og_type":"article","og_title":"Alternance service \u00e0 la personne - GM Ttransformation","og_description":"Pr\u00e9parez un m\u00e9tier utile et tourn\u00e9 vers l'humain gr\u00e2ce \u00e0 nos formations en alternance dans les services \u00e0 la personne.","og_url":"https:\/\/3asformations.fr\/index.php\/alternance-service-a-la-personne\/","og_site_name":"GM Ttransformation","article_publisher":"https:\/\/www.facebook.com\/3ASFormations","article_modified_time":"2026-04-07T20:37:20+00:00","og_image":[{"width":1080,"height":1080,"url":"https:\/\/3asformations.fr\/wp-content\/uploads\/2026\/04\/Bouton-plaquette-CAP-AEPE-GM-Transformation.png","type":"image\/png"}],"twitter_card":"summary_large_image","twitter_misc":{"Dur\u00e9e de lecture estim\u00e9e":"4 minutes"},"schema":{"@context":"https:\/\/schema.org","@graph":[{"@type":"WebPage","@id":"https:\/\/3asformations.fr\/index.php\/alternance-service-a-la-personne\/","url":"https:\/\/3asformations.fr\/index.php\/alternance-service-a-la-personne\/","name":"Alternance service \u00e0 la personne - GM Ttransformation","isPartOf":{"@id":"https:\/\/3asformations.fr\/#website"},"primaryImageOfPage":{"@id":"https:\/\/3asformations.fr\/index.php\/alternance-service-a-la-personne\/#primaryimage"},"image":{"@id":"https:\/\/3asformations.fr\/index.php\/alternance-service-a-la-personne\/#primaryimage"},"thumbnailUrl":"https:\/\/3asformations.fr\/wp-content\/uploads\/2026\/04\/Bouton-plaquette-CAP-AEPE-GM-Transformation-1024x1024.png","datePublished":"2025-02-05T15:52:25+00:00","dateModified":"2026-04-07T20:37:20+00:00","description":"Pr\u00e9parez un m\u00e9tier utile et tourn\u00e9 vers l'humain gr\u00e2ce \u00e0 nos formations en alternance dans les services \u00e0 la personne.","breadcrumb":{"@id":"https:\/\/3asformations.fr\/index.php\/alternance-service-a-la-personne\/#breadcrumb"},"inLanguage":"fr-FR","potentialAction":[{"@type":"ReadAction","target":["https:\/\/3asformations.fr\/index.php\/alternance-service-a-la-personne\/"]}]},{"@type":"ImageObject","inLanguage":"fr-FR","@id":"https:\/\/3asformations.fr\/index.php\/alternance-service-a-la-personne\/#primaryimage","url":"https:\/\/3asformations.fr\/wp-content\/uploads\/2026\/04\/Bouton-plaquette-CAP-AEPE-GM-Transformation.png","contentUrl":"https:\/\/3asformations.fr\/wp-content\/uploads\/2026\/04\/Bouton-plaquette-CAP-AEPE-GM-Transformation.png","width":1080,"height":1080},{"@type":"BreadcrumbList","@id":"https:\/\/3asformations.fr\/index.php\/alternance-service-a-la-personne\/#breadcrumb","itemListElement":[{"@type":"ListItem","position":1,"name":"Accueil","item":"https:\/\/3asformations.fr\/"},{"@type":"ListItem","position":2,"name":"Alternance service \u00e0 la personne"}]},{"@type":"WebSite","@id":"https:\/\/3asformations.fr\/#website","url":"https:\/\/3asformations.fr\/","name":"3AS Formations","description":"Au service de toutes les r\u00e9ussites !","publisher":{"@id":"https:\/\/3asformations.fr\/#organization"},"potentialAction":[{"@type":"SearchAction","target":{"@type":"EntryPoint","urlTemplate":"https:\/\/3asformations.fr\/?s={search_term_string}"},"query-input":{"@type":"PropertyValueSpecification","valueRequired":true,"valueName":"search_term_string"}}],"inLanguage":"fr-FR"},{"@type":"Organization","@id":"https:\/\/3asformations.fr\/#organization","name":"3AS Formations","url":"https:\/\/3asformations.fr\/","logo":{"@type":"ImageObject","inLanguage":"fr-FR","@id":"https:\/\/3asformations.fr\/#\/schema\/logo\/image\/","url":"https:\/\/3asformations.fr\/wp-content\/uploads\/2026\/03\/MALVINA-GM-TRANSFORMATION-compact-CMJN-1.png","contentUrl":"https:\/\/3asformations.fr\/wp-content\/uploads\/2026\/03\/MALVINA-GM-TRANSFORMATION-compact-CMJN-1.png","width":1134,"height":1134,"caption":"3AS Formations"},"image":{"@id":"https:\/\/3asformations.fr\/#\/schema\/logo\/image\/"},"sameAs":["https:\/\/www.facebook.com\/3ASFormations","https:\/\/www.instagram.com\/3asformations\/?fbclid=IwZXh0bgNhZW0CMTEAAR767GE3Dg1L6c9dLdjtUhYgaLYIyvdhWcWMETtPWSkp22ZbF3-mUVWU65U68Q_aem_-J_CkIy2IwqxhHZIl29sOQ","https:\/\/linktr.ee\/cfa3as"]}]}},"_links":{"self":[{"href":"https:\/\/3asformations.fr\/index.php\/wp-json\/wp\/v2\/pages\/194","targetHints":{"allow":["GET"]}}],"collection":[{"href":"https:\/\/3asformations.fr\/index.php\/wp-json\/wp\/v2\/pages"}],"about":[{"href":"https:\/\/3asformations.fr\/index.php\/wp-json\/wp\/v2\/types\/page"}],"author":[{"embeddable":true,"href":"https:\/\/3asformations.fr\/index.php\/wp-json\/wp\/v2\/users\/1"}],"replies":[{"embeddable":true,"href":"https:\/\/3asformations.fr\/index.php\/wp-json\/wp\/v2\/comments?post=194"}],"version-history":[{"count":36,"href":"https:\/\/3asformations.fr\/index.php\/wp-json\/wp\/v2\/pages\/194\/revisions"}],"predecessor-version":[{"id":1050,"href":"https:\/\/3asformations.fr\/index.php\/wp-json\/wp\/v2\/pages\/194\/revisions\/1050"}],"wp:attachment":[{"href":"https:\/\/3asformations.fr\/index.php\/wp-json\/wp\/v2\/media?parent=194"}],"curies":[{"name":"wp","href":"https:\/\/api.w.org\/{rel}","templated":true}]}}