{"id":24,"date":"2024-12-17T14:34:15","date_gmt":"2024-12-17T13:34:15","guid":{"rendered":"https:\/\/3asformations.fr\/?page_id=24"},"modified":"2026-03-25T17:52:49","modified_gmt":"2026-03-25T16:52:49","slug":"nos-formations-3as","status":"publish","type":"page","link":"https:\/\/3asformations.fr\/index.php\/nos-formations-3as\/","title":{"rendered":"Nos formations 3AS Formations"},"content":{"rendered":"\n<div class=\"wp-block-cover alignfull has-parallax is-repeated\" style=\"min-height:350px;aspect-ratio:unset;\"><div class=\"wp-block-cover__image-background wp-image-48 has-parallax is-repeated\" style=\"background-position:45% 28%;background-image:url(https:\/\/3asformations.fr\/wp-content\/uploads\/2024\/12\/pexels-fauxels-3184434-scaled.jpg)\"><\/div><span aria-hidden=\"true\" class=\"wp-block-cover__background has-background-dim-70 has-background-dim\" style=\"background-color:#433586\"><\/span><div class=\"wp-block-cover__inner-container has-global-padding is-layout-constrained wp-container-core-cover-is-layout-4383d167 wp-block-cover-is-layout-constrained\">\n<h2 class=\"wp-block-heading has-text-align-center has-text-color has-link-color has-suranna-font-family wp-elements-0217a30d58db2d359974bd74230ed17f\" style=\"color:#ffffff;font-size:clamp(33.419px, 2.089rem + ((1vw - 3.2px) * 3.021), 60px);font-style:normal;font-weight:500\">Nos Formations<\/h2>\n<\/div><\/div>\n\n\n\n<div class=\"wp-block-group alignfull has-global-padding is-layout-constrained wp-container-core-group-is-layout-4383d167 wp-block-group-is-layout-constrained\">\n<div class=\"wp-block-group alignwide has-global-padding is-layout-constrained wp-container-core-group-is-layout-3dead192 wp-block-group-is-layout-constrained\" style=\"margin-top:0;margin-bottom:0;padding-top:80px;padding-bottom:80px\">\n<div class=\"wp-block-columns alignwide is-layout-flex wp-container-core-columns-is-layout-9cf8123d wp-block-columns-is-layout-flex\">\n<div class=\"wp-block-column is-layout-flow wp-block-column-is-layout-flow\">\n<figure class=\"wp-block-image size-large\"><img loading=\"lazy\" decoding=\"async\" width=\"1024\" height=\"683\" src=\"https:\/\/3asformations.fr\/wp-content\/uploads\/2024\/12\/pexels-olly-3762800-1024x683.jpg\" alt=\"\" class=\"wp-image-57\" style=\"aspect-ratio:4\/3;object-fit:cover\" srcset=\"https:\/\/3asformations.fr\/wp-content\/uploads\/2024\/12\/pexels-olly-3762800-1024x683.jpg 1024w, https:\/\/3asformations.fr\/wp-content\/uploads\/2024\/12\/pexels-olly-3762800-300x200.jpg 300w, https:\/\/3asformations.fr\/wp-content\/uploads\/2024\/12\/pexels-olly-3762800-768x512.jpg 768w, https:\/\/3asformations.fr\/wp-content\/uploads\/2024\/12\/pexels-olly-3762800-1536x1024.jpg 1536w, https:\/\/3asformations.fr\/wp-content\/uploads\/2024\/12\/pexels-olly-3762800-2048x1365.jpg 2048w\" sizes=\"auto, (max-width: 1024px) 100vw, 1024px\" \/><\/figure>\n<\/div>\n\n\n\n<div class=\"wp-block-column is-vertically-aligned-center is-layout-flow wp-block-column-is-layout-flow\" style=\"padding-left:15px\">\n<h2 class=\"wp-block-heading has-text-color has-link-color has-suranna-font-family wp-elements-0d399a90c94d86dcb291621b87c8b165\" style=\"color:#433586;font-size:clamp(32.518px, 2.032rem + ((1vw - 3.2px) * 2.896), 58px);font-style:normal;font-weight:500;line-height:0.7\"><strong>Alternance<\/strong><\/h2>\n\n\n\n<p class=\"has-text-align-left has-text-color has-link-color has-outfit-font-family wp-elements-157a8f5a68511974fe6d3928bbee15b2\" style=\"color:#433586;font-size:clamp(14px, 0.875rem + ((1vw - 3.2px) * 0.455), 18px);font-style:normal;font-weight:400\">L\u2019alternance est une opportunit\u00e9 unique de combiner th\u00e9orie et pratique. Vous suivez des cours pour acqu\u00e9rir les connaissances fondamentales tout en travaillant en entreprise pour d\u00e9velopper vos comp\u00e9tences professionnelles. <\/p>\n\n\n\n<p class=\"has-text-align-left has-text-color has-link-color has-outfit-font-family wp-elements-553445189cf13beef0c0fa88a64b72fc\" style=\"color:#433586;font-size:clamp(14px, 0.875rem + ((1vw - 3.2px) * 0.455), 18px);font-style:normal;font-weight:400\">Nos formations couvrent trois domaines cl\u00e9s. L\u2019<strong>administratif<\/strong> vous pr\u00e9pare aux m\u00e9tiers de la bureautique et de la gestion quotidienne. Le <strong>commerce<\/strong> vous permet de d\u00e9velopper des comp\u00e9tences solides en vente, relation client et gestion. Enfin, le <strong>service \u00e0 la personne<\/strong> vous forme \u00e0 des m\u00e9tiers centr\u00e9s sur l\u2019accompagnement, le soin et l\u2019aide au quotidien.<\/p>\n\n\n\n<div class=\"wp-block-buttons is-layout-flex wp-block-buttons-is-layout-flex\">\n<div class=\"wp-block-button\"><a class=\"wp-block-button__link has-text-color has-background has-link-color has-outfit-font-family has-custom-font-size wp-element-button\" href=\"https:\/\/3asformations.fr\/index.php\/formations-en-alternance\/\" style=\"border-radius:0px;color:#433586;background-color:#efc415;padding-top:8px;padding-right:60px;padding-bottom:8px;padding-left:60px;font-size:clamp(14px, 0.875rem + ((1vw - 3.2px) * 0.455), 18px);\"><strong>Formations<\/strong><\/a><\/div>\n\n\n\n<div class=\"wp-block-button\"><a class=\"wp-block-button__link has-text-color has-background has-link-color has-outfit-font-family has-custom-font-size wp-element-button\" href=\"https:\/\/3asformations.fr\/index.php\/contact-3as-formations\/\" style=\"border-radius:0px;color:#433586;background-color:#efc415;padding-top:8px;padding-right:60px;padding-bottom:8px;padding-left:60px;font-size:clamp(14px, 0.875rem + ((1vw - 3.2px) * 0.455), 18px);\"><strong>Nous contacter<\/strong><\/a><\/div>\n<\/div>\n<\/div>\n<\/div>\n\n\n\n<div class=\"wp-block-columns alignwide is-layout-flex wp-container-core-columns-is-layout-f9472849 wp-block-columns-is-layout-flex\" style=\"padding-top:80px;padding-bottom:80px\">\n<div class=\"wp-block-column is-vertically-aligned-center is-layout-flow wp-block-column-is-layout-flow\" style=\"padding-right:15px\">\n<h2 class=\"wp-block-heading has-text-color has-link-color has-suranna-font-family wp-elements-8938ce53e8a0eed42ed0f3c66eeb4727\" style=\"color:#433586;font-size:clamp(32.518px, 2.032rem + ((1vw - 3.2px) * 2.896), 58px);font-style:normal;font-weight:500;line-height:0.7\">Professionnalisation<\/h2>\n\n\n\n<p class=\"has-text-color has-link-color has-outfit-font-family wp-elements-bcab6cd6bb1184139fc77cd1a0d846ff\" style=\"color:#433586;font-size:clamp(14px, 0.875rem + ((1vw - 3.2px) * 0.455), 18px);font-style:normal;font-weight:400\">Nous proposons des formations courtes et professionnalisantes con\u00e7ues pour r\u00e9pondre aux besoins du march\u00e9 et renforcer vos comp\u00e9tences techniques. Que vous souhaitiez ma\u00eetriser <strong>Excel<\/strong>, d\u00e9couvrir les bases de <strong>l\u2019intelligence artificielle<\/strong> ou am\u00e9liorer vos <strong>techniques de vente<\/strong>, nos modules allient savoir-faire concret et mises en situation pratiques. <\/p>\n\n\n\n<p class=\"has-text-color has-link-color has-outfit-font-family wp-elements-61441608a499bc6823ad48683f74d804\" style=\"color:#433586;font-size:clamp(14px, 0.875rem + ((1vw - 3.2px) * 0.455), 18px);font-style:normal;font-weight:400\">L\u2019objectif : vous doter de comp\u00e9tences directement mobilisables en entreprise.<\/p>\n\n\n\n<div class=\"wp-block-buttons is-layout-flex wp-block-buttons-is-layout-flex\">\n<div class=\"wp-block-button\"><a class=\"wp-block-button__link has-text-color has-background has-link-color has-outfit-font-family has-custom-font-size wp-element-button\" href=\"https:\/\/3asformations.fr\/index.php\/formations-professionnelles\/\" style=\"border-radius:0px;color:#433586;background-color:#efc415;padding-top:8px;padding-right:60px;padding-bottom:8px;padding-left:60px;font-size:clamp(14px, 0.875rem + ((1vw - 3.2px) * 0.455), 18px);\"><strong>Formations<\/strong><\/a><\/div>\n\n\n\n<div class=\"wp-block-button\"><a class=\"wp-block-button__link has-text-color has-background has-link-color has-outfit-font-family has-custom-font-size wp-element-button\" href=\"https:\/\/3asformations.fr\/index.php\/contact-3as-formations\/\" style=\"border-radius:0px;color:#433586;background-color:#efc415;padding-top:8px;padding-right:60px;padding-bottom:8px;padding-left:60px;font-size:clamp(14px, 0.875rem + ((1vw - 3.2px) * 0.455), 18px);\"><strong>Nous contacter<\/strong><\/a><\/div>\n<\/div>\n<\/div>\n\n\n\n<div class=\"wp-block-column is-layout-flow wp-block-column-is-layout-flow\">\n<figure class=\"wp-block-image size-full\"><img loading=\"lazy\" decoding=\"async\" width=\"2560\" height=\"1707\" src=\"https:\/\/3asformations.fr\/wp-content\/uploads\/2024\/12\/dylan-gillis-KdeqA3aTnBY-unsplash-scaled.jpg\" alt=\"\" class=\"wp-image-104\" style=\"aspect-ratio:4\/3;object-fit:cover\" srcset=\"https:\/\/3asformations.fr\/wp-content\/uploads\/2024\/12\/dylan-gillis-KdeqA3aTnBY-unsplash-scaled.jpg 2560w, https:\/\/3asformations.fr\/wp-content\/uploads\/2024\/12\/dylan-gillis-KdeqA3aTnBY-unsplash-300x200.jpg 300w, https:\/\/3asformations.fr\/wp-content\/uploads\/2024\/12\/dylan-gillis-KdeqA3aTnBY-unsplash-1024x683.jpg 1024w, https:\/\/3asformations.fr\/wp-content\/uploads\/2024\/12\/dylan-gillis-KdeqA3aTnBY-unsplash-768x512.jpg 768w, https:\/\/3asformations.fr\/wp-content\/uploads\/2024\/12\/dylan-gillis-KdeqA3aTnBY-unsplash-1536x1024.jpg 1536w, https:\/\/3asformations.fr\/wp-content\/uploads\/2024\/12\/dylan-gillis-KdeqA3aTnBY-unsplash-2048x1365.jpg 2048w\" sizes=\"auto, (max-width: 2560px) 100vw, 2560px\" \/><\/figure>\n<\/div>\n<\/div>\n<\/div>\n<\/div>\n\n\n\n<section class=\"wp-block-cover alignfull is-light\" style=\"margin-top:0px;padding-top:1.01rem;padding-bottom:1.01rem;min-height:750px;aspect-ratio:unset;\"><img loading=\"lazy\" decoding=\"async\" width=\"2560\" height=\"1707\" class=\"wp-block-cover__image-background wp-image-88\" alt=\"\" src=\"https:\/\/3asformations.fr\/wp-content\/uploads\/2024\/12\/unseen-studio-s9CC2SKySJM-unsplash-scaled.jpg\" style=\"object-position:29% 61%\" data-object-fit=\"cover\" data-object-position=\"29% 61%\" srcset=\"https:\/\/3asformations.fr\/wp-content\/uploads\/2024\/12\/unseen-studio-s9CC2SKySJM-unsplash-scaled.jpg 2560w, https:\/\/3asformations.fr\/wp-content\/uploads\/2024\/12\/unseen-studio-s9CC2SKySJM-unsplash-300x200.jpg 300w, https:\/\/3asformations.fr\/wp-content\/uploads\/2024\/12\/unseen-studio-s9CC2SKySJM-unsplash-1024x683.jpg 1024w, https:\/\/3asformations.fr\/wp-content\/uploads\/2024\/12\/unseen-studio-s9CC2SKySJM-unsplash-768x512.jpg 768w, https:\/\/3asformations.fr\/wp-content\/uploads\/2024\/12\/unseen-studio-s9CC2SKySJM-unsplash-1536x1024.jpg 1536w, https:\/\/3asformations.fr\/wp-content\/uploads\/2024\/12\/unseen-studio-s9CC2SKySJM-unsplash-2048x1365.jpg 2048w\" sizes=\"auto, (max-width: 2560px) 100vw, 2560px\" \/><span aria-hidden=\"true\" class=\"wp-block-cover__background has-background-dim-40 has-background-dim\" style=\"background-color:#433586\"><\/span><div class=\"wp-block-cover__inner-container has-global-padding is-layout-constrained wp-container-core-cover-is-layout-08e95c49 wp-block-cover-is-layout-constrained\">\n<div class=\"wp-block-group is-vertical is-content-justification-center is-nowrap is-layout-flex wp-container-core-group-is-layout-36c4bdba wp-block-group-is-layout-flex\" style=\"margin-top:0px;padding-top:0rem;padding-right:1rem;padding-bottom:0rem;padding-left:1rem;font-size:clamp(0.875rem, 0.875rem + ((1vw - 0.2rem) * 0.464), 1.13rem);font-style:normal;font-weight:400;line-height:1.4\">\n<div class=\"wp-block-group has-background has-global-padding is-layout-constrained wp-container-core-group-is-layout-1a95df51 wp-block-group-is-layout-constrained\" style=\"background-color:#fffffd;padding-top:4.21rem;padding-right:2.51rem;padding-bottom:4.51rem;padding-left:2.51rem\">\n<h2 class=\"wp-block-heading has-text-align-center has-text-color\" style=\"color:#433586;margin-bottom:0rem;font-size:clamp(1.888rem, 1.888rem + ((1vw - 0.2rem) * 2.585), 3.31rem);font-style:normal;font-weight:400;line-height:1.2\"><strong>Certification Qualiopi<\/strong><\/h2>\n\n\n\n<p class=\"has-text-align-center has-text-color\" style=\"color:#433586;font-size:clamp(0.875rem, 0.875rem + ((1vw - 0.2rem) * 0.609), 1.21rem);line-height:1.5\">Cette certification atteste de notre rigueur dans l\u2019accompagnement des apprenants, la pertinence de nos enseignements et notre engagement \u00e0 r\u00e9pondre aux exigences du monde professionnel. <\/p>\n\n\n\n<p class=\"has-text-align-center has-text-color\" style=\"color:#433586;font-size:clamp(0.875rem, 0.875rem + ((1vw - 0.2rem) * 0.609), 1.21rem);line-height:1.5\">Gr\u00e2ce \u00e0 Qualiopi, nos formations sont \u00e9ligibles aux financements publics et mutualis\u00e9s, offrant ainsi aux candidats une accessibilit\u00e9 renforc\u00e9e. <\/p>\n\n\n\n<p class=\"has-text-align-center has-text-color\" style=\"color:#433586;font-size:clamp(0.875rem, 0.875rem + ((1vw - 0.2rem) * 0.609), 1.21rem);line-height:1.5\">En choisissant 3AS Formations, vous b\u00e9n\u00e9ficiez d\u2019un parcours de formation fiable, structur\u00e9 et reconnu pour vous mener vers la r\u00e9ussite !<\/p>\n<\/div>\n<\/div>\n<\/div><\/section>\n\n\n\n<p><\/p>\n","protected":false},"excerpt":{"rendered":"<p>Alternance L\u2019alternance est une opportunit\u00e9 unique de combiner th\u00e9orie et pratique. Vous suivez des cours pour acqu\u00e9rir les connaissances fondamentales tout en travaillant en entreprise pour d\u00e9velopper vos comp\u00e9tences professionnelles. Nos formations couvrent trois domaines cl\u00e9s. L\u2019administratif vous pr\u00e9pare aux m\u00e9tiers de la bureautique et de la gestion quotidienne. Le commerce vous permet de d\u00e9velopper [&hellip;]<\/p>\n","protected":false},"author":1,"featured_media":0,"parent":0,"menu_order":0,"comment_status":"closed","ping_status":"closed","template":"","meta":{"footnotes":""},"class_list":["post-24","page","type-page","status-publish","hentry"],"yoast_head":"<!-- This site is optimized with the Yoast SEO plugin v27.4 - https:\/\/yoast.com\/product\/yoast-seo-wordpress\/ -->\n<title>Nos formations 3AS Formations - GM Ttransformation<\/title>\n<meta name=\"description\" content=\"Chez 3AS Formations nous proposons des formations en alternance ainsi de des formations professionnelles afin de r\u00e9pondre a vos besoins.\" \/>\n<meta name=\"robots\" content=\"index, follow, max-snippet:-1, max-image-preview:large, max-video-preview:-1\" \/>\n<link rel=\"canonical\" href=\"https:\/\/3asformations.fr\/index.php\/nos-formations-3as\/\" \/>\n<meta property=\"og:locale\" content=\"fr_FR\" \/>\n<meta property=\"og:type\" content=\"article\" \/>\n<meta property=\"og:title\" content=\"Nos formations 3AS Formations - GM Ttransformation\" \/>\n<meta property=\"og:description\" content=\"Chez 3AS Formations nous proposons des formations en alternance ainsi de des formations professionnelles afin de r\u00e9pondre a vos besoins.\" \/>\n<meta property=\"og:url\" content=\"https:\/\/3asformations.fr\/index.php\/nos-formations-3as\/\" \/>\n<meta property=\"og:site_name\" content=\"GM Ttransformation\" \/>\n<meta property=\"article:publisher\" content=\"https:\/\/www.facebook.com\/3ASFormations\" \/>\n<meta property=\"article:modified_time\" content=\"2026-03-25T16:52:49+00:00\" \/>\n<meta property=\"og:image\" content=\"https:\/\/3asformations.fr\/wp-content\/uploads\/2024\/12\/pexels-olly-3762800-scaled.jpg\" \/>\n\t<meta property=\"og:image:width\" content=\"2560\" \/>\n\t<meta property=\"og:image:height\" content=\"1707\" \/>\n\t<meta property=\"og:image:type\" content=\"image\/jpeg\" \/>\n<meta name=\"twitter:card\" content=\"summary_large_image\" \/>\n<meta name=\"twitter:label1\" content=\"Dur\u00e9e de lecture estim\u00e9e\" \/>\n\t<meta name=\"twitter:data1\" content=\"2 minutes\" \/>\n<script type=\"application\/ld+json\" class=\"yoast-schema-graph\">{\"@context\":\"https:\\\/\\\/schema.org\",\"@graph\":[{\"@type\":\"WebPage\",\"@id\":\"https:\\\/\\\/3asformations.fr\\\/index.php\\\/nos-formations-3as\\\/\",\"url\":\"https:\\\/\\\/3asformations.fr\\\/index.php\\\/nos-formations-3as\\\/\",\"name\":\"Nos formations 3AS Formations - GM Ttransformation\",\"isPartOf\":{\"@id\":\"https:\\\/\\\/3asformations.fr\\\/#website\"},\"primaryImageOfPage\":{\"@id\":\"https:\\\/\\\/3asformations.fr\\\/index.php\\\/nos-formations-3as\\\/#primaryimage\"},\"image\":{\"@id\":\"https:\\\/\\\/3asformations.fr\\\/index.php\\\/nos-formations-3as\\\/#primaryimage\"},\"thumbnailUrl\":\"https:\\\/\\\/3asformations.fr\\\/wp-content\\\/uploads\\\/2024\\\/12\\\/pexels-olly-3762800-1024x683.jpg\",\"datePublished\":\"2024-12-17T13:34:15+00:00\",\"dateModified\":\"2026-03-25T16:52:49+00:00\",\"description\":\"Chez 3AS Formations nous proposons des formations en alternance ainsi de des formations professionnelles afin de r\u00e9pondre a vos besoins.\",\"breadcrumb\":{\"@id\":\"https:\\\/\\\/3asformations.fr\\\/index.php\\\/nos-formations-3as\\\/#breadcrumb\"},\"inLanguage\":\"fr-FR\",\"potentialAction\":[{\"@type\":\"ReadAction\",\"target\":[\"https:\\\/\\\/3asformations.fr\\\/index.php\\\/nos-formations-3as\\\/\"]}]},{\"@type\":\"ImageObject\",\"inLanguage\":\"fr-FR\",\"@id\":\"https:\\\/\\\/3asformations.fr\\\/index.php\\\/nos-formations-3as\\\/#primaryimage\",\"url\":\"https:\\\/\\\/3asformations.fr\\\/wp-content\\\/uploads\\\/2024\\\/12\\\/pexels-olly-3762800-scaled.jpg\",\"contentUrl\":\"https:\\\/\\\/3asformations.fr\\\/wp-content\\\/uploads\\\/2024\\\/12\\\/pexels-olly-3762800-scaled.jpg\",\"width\":2560,\"height\":1707},{\"@type\":\"BreadcrumbList\",\"@id\":\"https:\\\/\\\/3asformations.fr\\\/index.php\\\/nos-formations-3as\\\/#breadcrumb\",\"itemListElement\":[{\"@type\":\"ListItem\",\"position\":1,\"name\":\"Accueil\",\"item\":\"https:\\\/\\\/3asformations.fr\\\/\"},{\"@type\":\"ListItem\",\"position\":2,\"name\":\"Nos formations 3AS Formations\"}]},{\"@type\":\"WebSite\",\"@id\":\"https:\\\/\\\/3asformations.fr\\\/#website\",\"url\":\"https:\\\/\\\/3asformations.fr\\\/\",\"name\":\"3AS Formations\",\"description\":\"Au service de toutes les r\u00e9ussites !\",\"publisher\":{\"@id\":\"https:\\\/\\\/3asformations.fr\\\/#organization\"},\"potentialAction\":[{\"@type\":\"SearchAction\",\"target\":{\"@type\":\"EntryPoint\",\"urlTemplate\":\"https:\\\/\\\/3asformations.fr\\\/?s={search_term_string}\"},\"query-input\":{\"@type\":\"PropertyValueSpecification\",\"valueRequired\":true,\"valueName\":\"search_term_string\"}}],\"inLanguage\":\"fr-FR\"},{\"@type\":\"Organization\",\"@id\":\"https:\\\/\\\/3asformations.fr\\\/#organization\",\"name\":\"3AS Formations\",\"url\":\"https:\\\/\\\/3asformations.fr\\\/\",\"logo\":{\"@type\":\"ImageObject\",\"inLanguage\":\"fr-FR\",\"@id\":\"https:\\\/\\\/3asformations.fr\\\/#\\\/schema\\\/logo\\\/image\\\/\",\"url\":\"https:\\\/\\\/3asformations.fr\\\/wp-content\\\/uploads\\\/2026\\\/03\\\/MALVINA-GM-TRANSFORMATION-compact-CMJN-1.png\",\"contentUrl\":\"https:\\\/\\\/3asformations.fr\\\/wp-content\\\/uploads\\\/2026\\\/03\\\/MALVINA-GM-TRANSFORMATION-compact-CMJN-1.png\",\"width\":1134,\"height\":1134,\"caption\":\"3AS Formations\"},\"image\":{\"@id\":\"https:\\\/\\\/3asformations.fr\\\/#\\\/schema\\\/logo\\\/image\\\/\"},\"sameAs\":[\"https:\\\/\\\/www.facebook.com\\\/3ASFormations\",\"https:\\\/\\\/www.instagram.com\\\/3asformations\\\/?fbclid=IwZXh0bgNhZW0CMTEAAR767GE3Dg1L6c9dLdjtUhYgaLYIyvdhWcWMETtPWSkp22ZbF3-mUVWU65U68Q_aem_-J_CkIy2IwqxhHZIl29sOQ\",\"https:\\\/\\\/linktr.ee\\\/cfa3as\"]}]}<\/script>\n<!-- \/ Yoast SEO plugin. -->","yoast_head_json":{"title":"Nos formations 3AS Formations - GM Ttransformation","description":"Chez 3AS Formations nous proposons des formations en alternance ainsi de des formations professionnelles afin de r\u00e9pondre a vos besoins.","robots":{"index":"index","follow":"follow","max-snippet":"max-snippet:-1","max-image-preview":"max-image-preview:large","max-video-preview":"max-video-preview:-1"},"canonical":"https:\/\/3asformations.fr\/index.php\/nos-formations-3as\/","og_locale":"fr_FR","og_type":"article","og_title":"Nos formations 3AS Formations - GM Ttransformation","og_description":"Chez 3AS Formations nous proposons des formations en alternance ainsi de des formations professionnelles afin de r\u00e9pondre a vos besoins.","og_url":"https:\/\/3asformations.fr\/index.php\/nos-formations-3as\/","og_site_name":"GM Ttransformation","article_publisher":"https:\/\/www.facebook.com\/3ASFormations","article_modified_time":"2026-03-25T16:52:49+00:00","og_image":[{"width":2560,"height":1707,"url":"https:\/\/3asformations.fr\/wp-content\/uploads\/2024\/12\/pexels-olly-3762800-scaled.jpg","type":"image\/jpeg"}],"twitter_card":"summary_large_image","twitter_misc":{"Dur\u00e9e de lecture estim\u00e9e":"2 minutes"},"schema":{"@context":"https:\/\/schema.org","@graph":[{"@type":"WebPage","@id":"https:\/\/3asformations.fr\/index.php\/nos-formations-3as\/","url":"https:\/\/3asformations.fr\/index.php\/nos-formations-3as\/","name":"Nos formations 3AS Formations - GM Ttransformation","isPartOf":{"@id":"https:\/\/3asformations.fr\/#website"},"primaryImageOfPage":{"@id":"https:\/\/3asformations.fr\/index.php\/nos-formations-3as\/#primaryimage"},"image":{"@id":"https:\/\/3asformations.fr\/index.php\/nos-formations-3as\/#primaryimage"},"thumbnailUrl":"https:\/\/3asformations.fr\/wp-content\/uploads\/2024\/12\/pexels-olly-3762800-1024x683.jpg","datePublished":"2024-12-17T13:34:15+00:00","dateModified":"2026-03-25T16:52:49+00:00","description":"Chez 3AS Formations nous proposons des formations en alternance ainsi de des formations professionnelles afin de r\u00e9pondre a vos besoins.","breadcrumb":{"@id":"https:\/\/3asformations.fr\/index.php\/nos-formations-3as\/#breadcrumb"},"inLanguage":"fr-FR","potentialAction":[{"@type":"ReadAction","target":["https:\/\/3asformations.fr\/index.php\/nos-formations-3as\/"]}]},{"@type":"ImageObject","inLanguage":"fr-FR","@id":"https:\/\/3asformations.fr\/index.php\/nos-formations-3as\/#primaryimage","url":"https:\/\/3asformations.fr\/wp-content\/uploads\/2024\/12\/pexels-olly-3762800-scaled.jpg","contentUrl":"https:\/\/3asformations.fr\/wp-content\/uploads\/2024\/12\/pexels-olly-3762800-scaled.jpg","width":2560,"height":1707},{"@type":"BreadcrumbList","@id":"https:\/\/3asformations.fr\/index.php\/nos-formations-3as\/#breadcrumb","itemListElement":[{"@type":"ListItem","position":1,"name":"Accueil","item":"https:\/\/3asformations.fr\/"},{"@type":"ListItem","position":2,"name":"Nos formations 3AS Formations"}]},{"@type":"WebSite","@id":"https:\/\/3asformations.fr\/#website","url":"https:\/\/3asformations.fr\/","name":"3AS Formations","description":"Au service de toutes les r\u00e9ussites !","publisher":{"@id":"https:\/\/3asformations.fr\/#organization"},"potentialAction":[{"@type":"SearchAction","target":{"@type":"EntryPoint","urlTemplate":"https:\/\/3asformations.fr\/?s={search_term_string}"},"query-input":{"@type":"PropertyValueSpecification","valueRequired":true,"valueName":"search_term_string"}}],"inLanguage":"fr-FR"},{"@type":"Organization","@id":"https:\/\/3asformations.fr\/#organization","name":"3AS Formations","url":"https:\/\/3asformations.fr\/","logo":{"@type":"ImageObject","inLanguage":"fr-FR","@id":"https:\/\/3asformations.fr\/#\/schema\/logo\/image\/","url":"https:\/\/3asformations.fr\/wp-content\/uploads\/2026\/03\/MALVINA-GM-TRANSFORMATION-compact-CMJN-1.png","contentUrl":"https:\/\/3asformations.fr\/wp-content\/uploads\/2026\/03\/MALVINA-GM-TRANSFORMATION-compact-CMJN-1.png","width":1134,"height":1134,"caption":"3AS Formations"},"image":{"@id":"https:\/\/3asformations.fr\/#\/schema\/logo\/image\/"},"sameAs":["https:\/\/www.facebook.com\/3ASFormations","https:\/\/www.instagram.com\/3asformations\/?fbclid=IwZXh0bgNhZW0CMTEAAR767GE3Dg1L6c9dLdjtUhYgaLYIyvdhWcWMETtPWSkp22ZbF3-mUVWU65U68Q_aem_-J_CkIy2IwqxhHZIl29sOQ","https:\/\/linktr.ee\/cfa3as"]}]}},"_links":{"self":[{"href":"https:\/\/3asformations.fr\/index.php\/wp-json\/wp\/v2\/pages\/24","targetHints":{"allow":["GET"]}}],"collection":[{"href":"https:\/\/3asformations.fr\/index.php\/wp-json\/wp\/v2\/pages"}],"about":[{"href":"https:\/\/3asformations.fr\/index.php\/wp-json\/wp\/v2\/types\/page"}],"author":[{"embeddable":true,"href":"https:\/\/3asformations.fr\/index.php\/wp-json\/wp\/v2\/users\/1"}],"replies":[{"embeddable":true,"href":"https:\/\/3asformations.fr\/index.php\/wp-json\/wp\/v2\/comments?post=24"}],"version-history":[{"count":21,"href":"https:\/\/3asformations.fr\/index.php\/wp-json\/wp\/v2\/pages\/24\/revisions"}],"predecessor-version":[{"id":921,"href":"https:\/\/3asformations.fr\/index.php\/wp-json\/wp\/v2\/pages\/24\/revisions\/921"}],"wp:attachment":[{"href":"https:\/\/3asformations.fr\/index.php\/wp-json\/wp\/v2\/media?parent=24"}],"curies":[{"name":"wp","href":"https:\/\/api.w.org\/{rel}","templated":true}]}}