{"id":406,"date":"2025-03-26T18:40:50","date_gmt":"2025-03-26T17:40:50","guid":{"rendered":"https:\/\/3asformations.fr\/?page_id=406"},"modified":"2026-03-29T18:19:44","modified_gmt":"2026-03-29T16:19:44","slug":"mentions-legales","status":"publish","type":"page","link":"https:\/\/3asformations.fr\/index.php\/mentions-legales\/","title":{"rendered":"Mentions l\u00e9gales"},"content":{"rendered":"\n<h1 class=\"wp-block-heading has-text-color has-link-color wp-elements-4cb9b6cdd90220eb76d87e713f75826a\" style=\"color:#433586\"><strong>Mentions l\u00e9gales<\/strong><\/h1>\n\n\n\n<p class=\"has-text-align-left has-text-color has-link-color wp-elements-3d1b9fa4c7685154b3b2942c96597e7f\" style=\"color:#433586\"><strong>Propri\u00e9t\u00e9 du site<\/strong> <\/p>\n\n\n\n<p class=\"has-text-align-left has-text-color has-link-color wp-elements-6c0014bbff86cae3589f7a4c74aaee9f\" style=\"color:#433586\">Le pr\u00e9sent site internet est la propri\u00e9t\u00e9 exclusive de l&rsquo;association MALVINA \/ GM Transformation \/ 3SolutionsAlternance \/ 3AS Formations. Toute reproduction, m\u00eame partielle, est interdite sans une autorisation \u00e9crite pr\u00e9alable de son administrateur.<\/p>\n\n\n\n<p class=\"has-text-color has-link-color wp-elements-2522ebe1750240ae6979bce6934518eb\" style=\"color:#433586\"><strong>Informations l\u00e9gales<\/strong><\/p>\n\n\n\n<ul class=\"wp-block-list\">\n<li class=\"has-text-color has-link-color wp-elements-8b6f302de8ab97de5b352897e487473c\" style=\"color:#433586\"><strong>D\u00e9nomination<\/strong> : GM Transformation \/ 3SolutionsAlternance \/ 3AS Formations<\/li>\n\n\n\n<li class=\"has-text-color has-link-color wp-elements-2ae41d3dc256376635f131c0007e88cc\" style=\"color:#433586\"><strong>Si\u00e8ge social<\/strong> : 19 rue saint roch, 62127 PENIN, France<\/li>\n\n\n\n<li class=\"has-text-color has-link-color wp-elements-742753f5dd06f8914f1f5ff0b6e7753f\" style=\"color:#433586\"><strong>Directeur de publication<\/strong> : Le pr\u00e9sident de 3SolutionsAlternance \/ 3AS Formations en qualit\u00e9 de repr\u00e9sentant l\u00e9gal<\/li>\n\n\n\n<li class=\"has-text-color has-link-color wp-elements-925f5c5380dcaa7b3d4a5b5a8f481835\" style=\"color:#433586\"><strong>H\u00e9bergeur<\/strong> : OVH CLOUD, 2 Rue Kellermann, 59100 Roubaix<\/li>\n<\/ul>\n\n\n\n<p class=\"has-text-color has-link-color wp-elements-15ba7e192baf85aed717167382cd9e78\" style=\"color:#433586\"><strong>Propri\u00e9t\u00e9 intellectuelle<\/strong> <\/p>\n\n\n\n<p class=\"has-text-color has-link-color wp-elements-6c74d5d3877c882ecf5da0d02586bdf7\" style=\"color:#433586\">L&rsquo;ensemble du site et ses contenus (charte graphique, ic\u00f4nes, images, textes, bases de donn\u00e9es, logiciels, animations, etc.) est la propri\u00e9t\u00e9 exclusive de 3SolutionsAlternance \/ 3AS Formations. Toute utilisation non autoris\u00e9e, notamment reproduction, transmission, ou modification, est strictement interdite et passible de sanctions conform\u00e9ment aux articles L.111-1 et suivants du Code de la propri\u00e9t\u00e9 intellectuelle.<\/p>\n\n\n\n<p class=\"has-text-color has-link-color wp-elements-779ec5a98c14133975c81e544da00a26\" style=\"color:#433586\"><strong>Gestion des contenus<\/strong> <\/p>\n\n\n\n<p class=\"has-text-color has-link-color wp-elements-30494981e193aa48a5fa25be540fd9ac\" style=\"color:#433586\">Nous mettons tout en \u0153uvre pour assurer l\u2019exactitude et l\u2019actualisation des informations diffus\u00e9es sur ce site. Toutefois, si vous constatez une erreur ou une omission, vous pouvez nous le signaler via le formulaire de contact du site.<\/p>\n\n\n\n<p class=\"has-text-color has-link-color wp-elements-24b50591087ecbd4a883825202911971\" style=\"color:#433586\"><strong>Protection des donn\u00e9es personnelles<\/strong> <\/p>\n\n\n\n<p class=\"has-text-color has-link-color wp-elements-4d7afcd1c4b86bc86a97551fc2e0e8b0\" style=\"color:#433586\">Conform\u00e9ment au R\u00e8glement G\u00e9n\u00e9ral sur la Protection des Donn\u00e9es (RGPD), les donn\u00e9es personnelles collect\u00e9es via ce site sont trait\u00e9es par 3SolutionsAlternance \/ 3AS Formations uniquement dans le cadre de son activit\u00e9.<\/p>\n\n\n\n<p class=\"has-text-color has-link-color wp-elements-a0be499f47e37717e2a3b4f370f3456d\" style=\"color:#433586\"><strong>Types de donn\u00e9es collect\u00e9es<\/strong><\/p>\n\n\n\n<ul class=\"wp-block-list\">\n<li class=\"has-text-color has-link-color wp-elements-09f3d42b45955c77537e49cc681bc694\" style=\"color:#433586\"><strong>Statistiques de navigation<\/strong> : Donn\u00e9es anonymes sur la fr\u00e9quentation du site, collect\u00e9es \u00e0 des fins d\u2019analyse et d\u2019am\u00e9lioration.<\/li>\n\n\n\n<li class=\"has-text-color has-link-color wp-elements-7bd89702a5ba138247cf07981bda954c\" style=\"color:#433586\"><strong>Coordonn\u00e9es et messages via formulaires<\/strong> : Les informations fournies lors de l\u2019envoi d\u2019un message sont exclusivement destin\u00e9es \u00e0 r\u00e9pondre \u00e0 votre demande et ne sont pas c\u00e9d\u00e9es \u00e0 des tiers.<\/li>\n<\/ul>\n\n\n\n<p class=\"has-text-color has-link-color wp-elements-d6af8330995f6e95ed5d3e4b3d57893b\" style=\"color:#433586\"><strong>Dur\u00e9e de conservation des donn\u00e9es<\/strong><\/p>\n\n\n\n<ul class=\"wp-block-list\">\n<li class=\"has-text-color has-link-color wp-elements-d2cca8e4e8d961396b902b4afa9adef4\" style=\"color:#433586\">Formulaires de contact : 6 mois<\/li>\n\n\n\n<li class=\"has-text-color has-link-color wp-elements-cbbdf323e2492b2465d52a755a61f7b4\" style=\"color:#433586\">Suivi des formations : 5 ans<\/li>\n<\/ul>\n\n\n\n<p class=\"has-text-color has-link-color wp-elements-cb1b5547467f48b705c85798f2e2eaf1\" style=\"color:#433586\"><strong>Exercice de vos droits<\/strong> <\/p>\n\n\n\n<p class=\"has-text-color has-link-color wp-elements-561fe8dad2690367502720fc5aaaf0c0\" style=\"color:#433586\">Vous disposez d\u2019un droit d\u2019acc\u00e8s, de rectification, d\u2019effacement et de limitation du traitement de vos donn\u00e9es personnelles. Pour toute demande, contactez nous via le formulaire de contact du site ou par e-mail \u00e0 : <a>contact@3asformations.fr<\/a>. En cas de non-respect de vos droits, vous pouvez adresser une r\u00e9clamation \u00e0 la CNIL (cnil.fr).<\/p>\n\n\n\n<p><\/p>\n","protected":false},"excerpt":{"rendered":"<p>Mentions l\u00e9gales Propri\u00e9t\u00e9 du site Le pr\u00e9sent site internet est la propri\u00e9t\u00e9 exclusive de l&rsquo;association MALVINA \/ GM Transformation \/ 3SolutionsAlternance \/ 3AS Formations. Toute reproduction, m\u00eame partielle, est interdite sans une autorisation \u00e9crite pr\u00e9alable de son administrateur. Informations l\u00e9gales Propri\u00e9t\u00e9 intellectuelle L&rsquo;ensemble du site et ses contenus (charte graphique, ic\u00f4nes, images, textes, bases de [&hellip;]<\/p>\n","protected":false},"author":1,"featured_media":0,"parent":0,"menu_order":0,"comment_status":"closed","ping_status":"closed","template":"","meta":{"footnotes":""},"class_list":["post-406","page","type-page","status-publish","hentry"],"yoast_head":"<!-- This site is optimized with the Yoast SEO plugin v27.4 - https:\/\/yoast.com\/product\/yoast-seo-wordpress\/ -->\n<title>Mentions l\u00e9gales - GM Ttransformation<\/title>\n<meta name=\"description\" content=\"Retrouvez ici les mentions l\u00e9gales de notre centre de formation GM Transformation. Notre \u00e9quipe reste \u00e0 votre \u00e9coute.\" \/>\n<meta name=\"robots\" content=\"index, follow, max-snippet:-1, max-image-preview:large, max-video-preview:-1\" \/>\n<link rel=\"canonical\" href=\"https:\/\/3asformations.fr\/index.php\/mentions-legales\/\" \/>\n<meta property=\"og:locale\" content=\"fr_FR\" \/>\n<meta property=\"og:type\" content=\"article\" \/>\n<meta property=\"og:title\" content=\"Mentions l\u00e9gales - GM Ttransformation\" \/>\n<meta property=\"og:description\" content=\"Retrouvez ici les mentions l\u00e9gales de notre centre de formation GM Transformation. Notre \u00e9quipe reste \u00e0 votre \u00e9coute.\" \/>\n<meta property=\"og:url\" content=\"https:\/\/3asformations.fr\/index.php\/mentions-legales\/\" \/>\n<meta property=\"og:site_name\" content=\"GM Ttransformation\" \/>\n<meta property=\"article:publisher\" content=\"https:\/\/www.facebook.com\/3ASFormations\" \/>\n<meta property=\"article:modified_time\" content=\"2026-03-29T16:19:44+00:00\" \/>\n<meta name=\"twitter:card\" content=\"summary_large_image\" \/>\n<meta name=\"twitter:label1\" content=\"Dur\u00e9e de lecture estim\u00e9e\" \/>\n\t<meta name=\"twitter:data1\" content=\"2 minutes\" \/>\n<script type=\"application\/ld+json\" class=\"yoast-schema-graph\">{\"@context\":\"https:\\\/\\\/schema.org\",\"@graph\":[{\"@type\":\"WebPage\",\"@id\":\"https:\\\/\\\/3asformations.fr\\\/index.php\\\/mentions-legales\\\/\",\"url\":\"https:\\\/\\\/3asformations.fr\\\/index.php\\\/mentions-legales\\\/\",\"name\":\"Mentions l\u00e9gales - GM Ttransformation\",\"isPartOf\":{\"@id\":\"https:\\\/\\\/3asformations.fr\\\/#website\"},\"datePublished\":\"2025-03-26T17:40:50+00:00\",\"dateModified\":\"2026-03-29T16:19:44+00:00\",\"description\":\"Retrouvez ici les mentions l\u00e9gales de notre centre de formation GM Transformation. Notre \u00e9quipe reste \u00e0 votre \u00e9coute.\",\"breadcrumb\":{\"@id\":\"https:\\\/\\\/3asformations.fr\\\/index.php\\\/mentions-legales\\\/#breadcrumb\"},\"inLanguage\":\"fr-FR\",\"potentialAction\":[{\"@type\":\"ReadAction\",\"target\":[\"https:\\\/\\\/3asformations.fr\\\/index.php\\\/mentions-legales\\\/\"]}]},{\"@type\":\"BreadcrumbList\",\"@id\":\"https:\\\/\\\/3asformations.fr\\\/index.php\\\/mentions-legales\\\/#breadcrumb\",\"itemListElement\":[{\"@type\":\"ListItem\",\"position\":1,\"name\":\"Accueil\",\"item\":\"https:\\\/\\\/3asformations.fr\\\/\"},{\"@type\":\"ListItem\",\"position\":2,\"name\":\"Mentions l\u00e9gales\"}]},{\"@type\":\"WebSite\",\"@id\":\"https:\\\/\\\/3asformations.fr\\\/#website\",\"url\":\"https:\\\/\\\/3asformations.fr\\\/\",\"name\":\"3AS Formations\",\"description\":\"Au service de toutes les r\u00e9ussites !\",\"publisher\":{\"@id\":\"https:\\\/\\\/3asformations.fr\\\/#organization\"},\"potentialAction\":[{\"@type\":\"SearchAction\",\"target\":{\"@type\":\"EntryPoint\",\"urlTemplate\":\"https:\\\/\\\/3asformations.fr\\\/?s={search_term_string}\"},\"query-input\":{\"@type\":\"PropertyValueSpecification\",\"valueRequired\":true,\"valueName\":\"search_term_string\"}}],\"inLanguage\":\"fr-FR\"},{\"@type\":\"Organization\",\"@id\":\"https:\\\/\\\/3asformations.fr\\\/#organization\",\"name\":\"3AS Formations\",\"url\":\"https:\\\/\\\/3asformations.fr\\\/\",\"logo\":{\"@type\":\"ImageObject\",\"inLanguage\":\"fr-FR\",\"@id\":\"https:\\\/\\\/3asformations.fr\\\/#\\\/schema\\\/logo\\\/image\\\/\",\"url\":\"https:\\\/\\\/3asformations.fr\\\/wp-content\\\/uploads\\\/2026\\\/03\\\/MALVINA-GM-TRANSFORMATION-compact-CMJN-1.png\",\"contentUrl\":\"https:\\\/\\\/3asformations.fr\\\/wp-content\\\/uploads\\\/2026\\\/03\\\/MALVINA-GM-TRANSFORMATION-compact-CMJN-1.png\",\"width\":1134,\"height\":1134,\"caption\":\"3AS Formations\"},\"image\":{\"@id\":\"https:\\\/\\\/3asformations.fr\\\/#\\\/schema\\\/logo\\\/image\\\/\"},\"sameAs\":[\"https:\\\/\\\/www.facebook.com\\\/3ASFormations\",\"https:\\\/\\\/www.instagram.com\\\/3asformations\\\/?fbclid=IwZXh0bgNhZW0CMTEAAR767GE3Dg1L6c9dLdjtUhYgaLYIyvdhWcWMETtPWSkp22ZbF3-mUVWU65U68Q_aem_-J_CkIy2IwqxhHZIl29sOQ\",\"https:\\\/\\\/linktr.ee\\\/cfa3as\"]}]}<\/script>\n<!-- \/ Yoast SEO plugin. -->","yoast_head_json":{"title":"Mentions l\u00e9gales - GM Ttransformation","description":"Retrouvez ici les mentions l\u00e9gales de notre centre de formation GM Transformation. Notre \u00e9quipe reste \u00e0 votre \u00e9coute.","robots":{"index":"index","follow":"follow","max-snippet":"max-snippet:-1","max-image-preview":"max-image-preview:large","max-video-preview":"max-video-preview:-1"},"canonical":"https:\/\/3asformations.fr\/index.php\/mentions-legales\/","og_locale":"fr_FR","og_type":"article","og_title":"Mentions l\u00e9gales - GM Ttransformation","og_description":"Retrouvez ici les mentions l\u00e9gales de notre centre de formation GM Transformation. Notre \u00e9quipe reste \u00e0 votre \u00e9coute.","og_url":"https:\/\/3asformations.fr\/index.php\/mentions-legales\/","og_site_name":"GM Ttransformation","article_publisher":"https:\/\/www.facebook.com\/3ASFormations","article_modified_time":"2026-03-29T16:19:44+00:00","twitter_card":"summary_large_image","twitter_misc":{"Dur\u00e9e de lecture estim\u00e9e":"2 minutes"},"schema":{"@context":"https:\/\/schema.org","@graph":[{"@type":"WebPage","@id":"https:\/\/3asformations.fr\/index.php\/mentions-legales\/","url":"https:\/\/3asformations.fr\/index.php\/mentions-legales\/","name":"Mentions l\u00e9gales - GM Ttransformation","isPartOf":{"@id":"https:\/\/3asformations.fr\/#website"},"datePublished":"2025-03-26T17:40:50+00:00","dateModified":"2026-03-29T16:19:44+00:00","description":"Retrouvez ici les mentions l\u00e9gales de notre centre de formation GM Transformation. Notre \u00e9quipe reste \u00e0 votre \u00e9coute.","breadcrumb":{"@id":"https:\/\/3asformations.fr\/index.php\/mentions-legales\/#breadcrumb"},"inLanguage":"fr-FR","potentialAction":[{"@type":"ReadAction","target":["https:\/\/3asformations.fr\/index.php\/mentions-legales\/"]}]},{"@type":"BreadcrumbList","@id":"https:\/\/3asformations.fr\/index.php\/mentions-legales\/#breadcrumb","itemListElement":[{"@type":"ListItem","position":1,"name":"Accueil","item":"https:\/\/3asformations.fr\/"},{"@type":"ListItem","position":2,"name":"Mentions l\u00e9gales"}]},{"@type":"WebSite","@id":"https:\/\/3asformations.fr\/#website","url":"https:\/\/3asformations.fr\/","name":"3AS Formations","description":"Au service de toutes les r\u00e9ussites !","publisher":{"@id":"https:\/\/3asformations.fr\/#organization"},"potentialAction":[{"@type":"SearchAction","target":{"@type":"EntryPoint","urlTemplate":"https:\/\/3asformations.fr\/?s={search_term_string}"},"query-input":{"@type":"PropertyValueSpecification","valueRequired":true,"valueName":"search_term_string"}}],"inLanguage":"fr-FR"},{"@type":"Organization","@id":"https:\/\/3asformations.fr\/#organization","name":"3AS Formations","url":"https:\/\/3asformations.fr\/","logo":{"@type":"ImageObject","inLanguage":"fr-FR","@id":"https:\/\/3asformations.fr\/#\/schema\/logo\/image\/","url":"https:\/\/3asformations.fr\/wp-content\/uploads\/2026\/03\/MALVINA-GM-TRANSFORMATION-compact-CMJN-1.png","contentUrl":"https:\/\/3asformations.fr\/wp-content\/uploads\/2026\/03\/MALVINA-GM-TRANSFORMATION-compact-CMJN-1.png","width":1134,"height":1134,"caption":"3AS Formations"},"image":{"@id":"https:\/\/3asformations.fr\/#\/schema\/logo\/image\/"},"sameAs":["https:\/\/www.facebook.com\/3ASFormations","https:\/\/www.instagram.com\/3asformations\/?fbclid=IwZXh0bgNhZW0CMTEAAR767GE3Dg1L6c9dLdjtUhYgaLYIyvdhWcWMETtPWSkp22ZbF3-mUVWU65U68Q_aem_-J_CkIy2IwqxhHZIl29sOQ","https:\/\/linktr.ee\/cfa3as"]}]}},"_links":{"self":[{"href":"https:\/\/3asformations.fr\/index.php\/wp-json\/wp\/v2\/pages\/406","targetHints":{"allow":["GET"]}}],"collection":[{"href":"https:\/\/3asformations.fr\/index.php\/wp-json\/wp\/v2\/pages"}],"about":[{"href":"https:\/\/3asformations.fr\/index.php\/wp-json\/wp\/v2\/types\/page"}],"author":[{"embeddable":true,"href":"https:\/\/3asformations.fr\/index.php\/wp-json\/wp\/v2\/users\/1"}],"replies":[{"embeddable":true,"href":"https:\/\/3asformations.fr\/index.php\/wp-json\/wp\/v2\/comments?post=406"}],"version-history":[{"count":6,"href":"https:\/\/3asformations.fr\/index.php\/wp-json\/wp\/v2\/pages\/406\/revisions"}],"predecessor-version":[{"id":958,"href":"https:\/\/3asformations.fr\/index.php\/wp-json\/wp\/v2\/pages\/406\/revisions\/958"}],"wp:attachment":[{"href":"https:\/\/3asformations.fr\/index.php\/wp-json\/wp\/v2\/media?parent=406"}],"curies":[{"name":"wp","href":"https:\/\/api.w.org\/{rel}","templated":true}]}}