{"id":62,"date":"2024-12-17T16:33:54","date_gmt":"2024-12-17T15:33:54","guid":{"rendered":"https:\/\/3asformations.fr\/?page_id=62"},"modified":"2026-03-25T18:22:32","modified_gmt":"2026-03-25T17:22:32","slug":"formations-en-alternance","status":"publish","type":"page","link":"https:\/\/3asformations.fr\/index.php\/formations-en-alternance\/","title":{"rendered":"Formations alternance 3AS Formations"},"content":{"rendered":"\n<div class=\"wp-block-cover alignfull has-parallax is-repeated\" style=\"min-height:350px;aspect-ratio:unset;\"><div class=\"wp-block-cover__image-background wp-image-48 has-parallax is-repeated\" style=\"background-position:44% 31%;background-image:url(https:\/\/3asformations.fr\/wp-content\/uploads\/2024\/12\/pexels-fauxels-3184434-scaled.jpg)\"><\/div><span aria-hidden=\"true\" class=\"wp-block-cover__background has-background-dim-70 has-background-dim\" style=\"background-color:#433586\"><\/span><div class=\"wp-block-cover__inner-container has-global-padding is-layout-constrained wp-container-core-cover-is-layout-4383d167 wp-block-cover-is-layout-constrained\">\n<h2 class=\"wp-block-heading has-text-align-center has-text-color has-link-color has-suranna-font-family wp-elements-36ed19496d76dec3b3e1895d8aaa06e0\" style=\"color:#ffffff;font-size:clamp(33.419px, 2.089rem + ((1vw - 3.2px) * 3.021), 60px);font-style:normal;font-weight:500\">Formations en alternance<\/h2>\n<\/div><\/div>\n\n\n\n<div class=\"wp-block-group alignfull has-global-padding is-layout-constrained wp-container-core-group-is-layout-4383d167 wp-block-group-is-layout-constrained\">\n<div class=\"wp-block-group alignwide has-global-padding is-layout-constrained wp-container-core-group-is-layout-3dead192 wp-block-group-is-layout-constrained\" style=\"margin-top:0;margin-bottom:0;padding-top:80px;padding-bottom:80px\">\n<div class=\"wp-block-columns alignwide is-layout-flex wp-container-core-columns-is-layout-9cf8123d wp-block-columns-is-layout-flex\">\n<div class=\"wp-block-column is-layout-flow wp-block-column-is-layout-flow\">\n<figure class=\"wp-block-image size-large\"><img loading=\"lazy\" decoding=\"async\" width=\"1024\" height=\"1024\" src=\"https:\/\/3asformations.fr\/wp-content\/uploads\/2026\/03\/alternance-administratif-gm-transformation-1024x1024.png\" alt=\"\" class=\"wp-image-940\" style=\"aspect-ratio:4\/3;object-fit:cover\" srcset=\"https:\/\/3asformations.fr\/wp-content\/uploads\/2026\/03\/alternance-administratif-gm-transformation-1024x1024.png 1024w, https:\/\/3asformations.fr\/wp-content\/uploads\/2026\/03\/alternance-administratif-gm-transformation-300x300.png 300w, https:\/\/3asformations.fr\/wp-content\/uploads\/2026\/03\/alternance-administratif-gm-transformation-150x150.png 150w, https:\/\/3asformations.fr\/wp-content\/uploads\/2026\/03\/alternance-administratif-gm-transformation-768x768.png 768w, https:\/\/3asformations.fr\/wp-content\/uploads\/2026\/03\/alternance-administratif-gm-transformation.png 1080w\" sizes=\"auto, (max-width: 1024px) 100vw, 1024px\" \/><\/figure>\n<\/div>\n\n\n\n<div class=\"wp-block-column is-vertically-aligned-center is-layout-flow wp-block-column-is-layout-flow\" style=\"padding-left:15px\">\n<h2 class=\"wp-block-heading has-text-align-center has-text-color has-link-color has-suranna-font-family wp-elements-968c5a9d5b0ef8a663f34d6866ae7245\" style=\"color:#433586;font-size:clamp(32.518px, 2.032rem + ((1vw - 3.2px) * 2.896), 58px);font-style:normal;font-weight:500;line-height:0.7\"><strong>Administrati<\/strong>f<\/h2>\n\n\n\n<p class=\"has-text-align-center has-text-color has-link-color has-outfit-font-family wp-elements-dcd89be61cb231a9f07cfe568a57f175\" style=\"color:#433586;font-size:clamp(14px, 0.875rem + ((1vw - 3.2px) * 0.455), 18px);font-style:normal;font-weight:400\">Vous apprendrez \u00e0 <strong>ma\u00eetriser <\/strong>les outils bureautiques, \u00e0 <strong>organiser <\/strong>efficacement les t\u00e2ches et \u00e0 assurer une <strong>communication professionnelle<\/strong> de qualit\u00e9.<\/p>\n\n\n\n<p class=\"has-text-align-center has-text-color has-link-color wp-elements-10dfcce3b821b1dc9423ee01d1ee65ee\" style=\"color:#433586;font-size:clamp(14px, 0.875rem + ((1vw - 3.2px) * 0.455), 18px);font-style:normal;font-weight:400\">Gr\u00e2ce \u00e0 notre approche concr\u00e8te et <strong>orient\u00e9e vers la pratique<\/strong>, vous serez form\u00e9(e) aux r\u00e9alit\u00e9s du secteur, devenant ainsi un soutien essentiel pour toute organisation. Nos formateurs vous guideront pour d\u00e9velopper des <strong>comp\u00e9tences polyvalentes <\/strong>et vous adapter aux <strong>\u00e9volutions du m\u00e9tier<\/strong>.<\/p>\n\n\n\n<p class=\"has-text-align-center has-text-color has-link-color has-outfit-font-family wp-elements-6e40ca9abc3d84ef2de4a70ddc77b7c0\" style=\"color:#433586;font-size:clamp(14px, 0.875rem + ((1vw - 3.2px) * 0.455), 18px);font-style:normal;font-weight:400\">B\u00e2tissez votre avenir avec une formation compl\u00e8te et<strong> adapt\u00e9e aux besoins du march\u00e9 <\/strong>!<\/p>\n\n\n\n<div class=\"wp-block-buttons is-content-justification-center is-layout-flex wp-container-core-buttons-is-layout-a89b3969 wp-block-buttons-is-layout-flex\">\n<div class=\"wp-block-button\"><a class=\"wp-block-button__link has-text-color has-background has-link-color has-outfit-font-family has-text-align-center has-custom-font-size wp-element-button\" href=\"https:\/\/3asformations.fr\/index.php\/formation-administration\/\" style=\"border-radius:0px;color:#433586;background-color:#efc415;padding-top:8px;padding-right:60px;padding-bottom:8px;padding-left:60px;font-size:clamp(14px, 0.875rem + ((1vw - 3.2px) * 0.455), 18px);\"><strong>En savoir plus<\/strong><\/a><\/div>\n\n\n\n<div class=\"wp-block-button\"><a class=\"wp-block-button__link has-text-color has-background has-link-color has-outfit-font-family has-text-align-center has-custom-font-size wp-element-button\" href=\"https:\/\/3asformations.fr\/index.php\/contact-3as-formations\/\" style=\"border-radius:0px;color:#433586;background-color:#efc415;padding-top:8px;padding-right:60px;padding-bottom:8px;padding-left:60px;font-size:clamp(14px, 0.875rem + ((1vw - 3.2px) * 0.455), 18px);\"><strong>Nous contacter<\/strong><\/a><\/div>\n<\/div>\n<\/div>\n<\/div>\n\n\n\n<div class=\"wp-block-columns alignwide has-background is-layout-flex wp-container-core-columns-is-layout-f9472849 wp-block-columns-is-layout-flex\" style=\"background-color:#ffffff38;padding-top:80px;padding-bottom:80px\">\n<div class=\"wp-block-column is-vertically-aligned-center is-layout-flow wp-block-column-is-layout-flow\" style=\"padding-right:15px\">\n<h2 class=\"wp-block-heading has-text-align-center has-text-color has-link-color has-suranna-font-family wp-elements-46834bd0d627a0188c69a668c35b3f9f\" style=\"color:#433586;font-size:clamp(32.518px, 2.032rem + ((1vw - 3.2px) * 2.896), 58px);font-style:normal;font-weight:500;line-height:0.7\"><strong>Commerce<\/strong><\/h2>\n\n\n\n<p class=\"has-text-align-center has-text-color has-link-color has-outfit-font-family wp-elements-e954cbfdbae9743ae3e2663282ba75bf\" style=\"color:#433586;font-size:clamp(14px, 0.875rem + ((1vw - 3.2px) * 0.455), 18px);font-style:normal;font-weight:400\">Nos formations sont con\u00e7ues pour vous <strong>pr\u00e9parer aux exigences du march\u00e9 du travail <\/strong>moderne. Vous d\u00e9velopperez des comp\u00e9tences cl\u00e9s en pratiques commerciales, <strong>gestion <\/strong>des relations clients et <strong>techniques de vente<\/strong>.<\/p>\n\n\n\n<p class=\"has-text-align-center has-text-color has-link-color wp-elements-cdac232934429af514a93522a81db54e\" style=\"color:#433586;font-size:clamp(14px, 0.875rem + ((1vw - 3.2px) * 0.455), 18px);font-style:normal;font-weight:400\">Avec une <strong>approche pratique et orient\u00e9e vers le terrain<\/strong>, nous vous formons aux r\u00e9alit\u00e9s du m\u00e9tier, faisant de vous un atout incontournable pour les entreprises. Nos<strong> formateurs exp\u00e9riment\u00e9s<\/strong> vous accompagnent pour vous aider \u00e0 <strong>vous adapter aux \u00e9volutions<\/strong> constantes du secteur.<\/p>\n\n\n\n<p class=\"has-text-align-center has-text-color has-link-color has-outfit-font-family wp-elements-a744ad708386992d2eaa892c73b06b72\" style=\"color:#433586;font-size:clamp(14px, 0.875rem + ((1vw - 3.2px) * 0.455), 18px);font-style:normal;font-weight:400\">Rejoignez-nous et lancez votre carri\u00e8re dans le commerce <strong>avec toutes les cl\u00e9s pour r\u00e9ussir<\/strong> !<\/p>\n\n\n\n<div class=\"wp-block-buttons is-content-justification-center is-layout-flex wp-container-core-buttons-is-layout-a89b3969 wp-block-buttons-is-layout-flex\">\n<div class=\"wp-block-button\"><a class=\"wp-block-button__link has-text-color has-background has-link-color has-outfit-font-family has-custom-font-size wp-element-button\" href=\"https:\/\/3asformations.fr\/index.php\/alternance-commerce\/\" style=\"border-radius:0px;color:#433586;background-color:#efc415;padding-top:8px;padding-right:60px;padding-bottom:8px;padding-left:60px;font-size:clamp(14px, 0.875rem + ((1vw - 3.2px) * 0.455), 18px);\"><strong>En savoir plus<\/strong><\/a><\/div>\n\n\n\n<div class=\"wp-block-button\"><a class=\"wp-block-button__link has-text-color has-background has-link-color has-outfit-font-family has-custom-font-size wp-element-button\" href=\"https:\/\/3asformations.fr\/index.php\/contact-3as-formations\/\" style=\"border-radius:0px;color:#433586;background-color:#efc415;padding-top:8px;padding-right:60px;padding-bottom:8px;padding-left:60px;font-size:clamp(14px, 0.875rem + ((1vw - 3.2px) * 0.455), 18px);\"><strong>Nous contacter<\/strong><\/a><\/div>\n<\/div>\n<\/div>\n\n\n\n<div class=\"wp-block-column is-layout-flow wp-block-column-is-layout-flow\">\n<figure class=\"wp-block-image size-full\"><img loading=\"lazy\" decoding=\"async\" width=\"2560\" height=\"1707\" src=\"https:\/\/3asformations.fr\/wp-content\/uploads\/2024\/12\/christiann-koepke-7HUDNDNkxRk-unsplash-scaled.jpg\" alt=\"\" class=\"wp-image-90\" style=\"aspect-ratio:4\/3;object-fit:cover\" srcset=\"https:\/\/3asformations.fr\/wp-content\/uploads\/2024\/12\/christiann-koepke-7HUDNDNkxRk-unsplash-scaled.jpg 2560w, https:\/\/3asformations.fr\/wp-content\/uploads\/2024\/12\/christiann-koepke-7HUDNDNkxRk-unsplash-300x200.jpg 300w, https:\/\/3asformations.fr\/wp-content\/uploads\/2024\/12\/christiann-koepke-7HUDNDNkxRk-unsplash-1024x683.jpg 1024w, https:\/\/3asformations.fr\/wp-content\/uploads\/2024\/12\/christiann-koepke-7HUDNDNkxRk-unsplash-768x512.jpg 768w, https:\/\/3asformations.fr\/wp-content\/uploads\/2024\/12\/christiann-koepke-7HUDNDNkxRk-unsplash-1536x1024.jpg 1536w, https:\/\/3asformations.fr\/wp-content\/uploads\/2024\/12\/christiann-koepke-7HUDNDNkxRk-unsplash-2048x1365.jpg 2048w\" sizes=\"auto, (max-width: 2560px) 100vw, 2560px\" \/><\/figure>\n<\/div>\n<\/div>\n\n\n\n\n\n<div class=\"wp-block-columns alignwide is-layout-flex wp-container-core-columns-is-layout-9cf8123d wp-block-columns-is-layout-flex\">\n<div class=\"wp-block-column is-layout-flow wp-block-column-is-layout-flow\">\n<figure class=\"wp-block-image size-full\"><img loading=\"lazy\" decoding=\"async\" width=\"1080\" height=\"1080\" src=\"https:\/\/3asformations.fr\/wp-content\/uploads\/2026\/03\/alternance-petite-enfance-gm-transformation.png\" alt=\"\" class=\"wp-image-941\" style=\"aspect-ratio:4\/3;object-fit:cover\" srcset=\"https:\/\/3asformations.fr\/wp-content\/uploads\/2026\/03\/alternance-petite-enfance-gm-transformation.png 1080w, https:\/\/3asformations.fr\/wp-content\/uploads\/2026\/03\/alternance-petite-enfance-gm-transformation-300x300.png 300w, https:\/\/3asformations.fr\/wp-content\/uploads\/2026\/03\/alternance-petite-enfance-gm-transformation-1024x1024.png 1024w, https:\/\/3asformations.fr\/wp-content\/uploads\/2026\/03\/alternance-petite-enfance-gm-transformation-150x150.png 150w, https:\/\/3asformations.fr\/wp-content\/uploads\/2026\/03\/alternance-petite-enfance-gm-transformation-768x768.png 768w\" sizes=\"auto, (max-width: 1080px) 100vw, 1080px\" \/><\/figure>\n<\/div>\n\n\n\n<div class=\"wp-block-column is-vertically-aligned-center is-layout-flow wp-block-column-is-layout-flow\" style=\"padding-left:15px\">\n<h2 class=\"wp-block-heading has-text-align-center has-text-color has-link-color has-suranna-font-family wp-elements-f20f84aedc5e8ede77b6b7117ed5392b\" style=\"color:#433586;font-size:clamp(32.518px, 2.032rem + ((1vw - 3.2px) * 2.896), 58px);font-style:normal;font-weight:500;line-height:0.7\"><strong>Service \u00e0 la personne<\/strong><\/h2>\n\n\n\n<p class=\"has-text-align-center has-text-color has-link-color has-outfit-font-family wp-elements-3f57441ce1b83ebbdf80b811ec610fce\" style=\"color:#433586;font-size:clamp(14px, 0.875rem + ((1vw - 3.2px) * 0.455), 18px);font-style:normal;font-weight:400\">Notre formation est con\u00e7ue pour celles et ceux qui ont \u00e0 c\u0153ur d\u2019<strong>aider les autres<\/strong> et en particulier <strong>les enfants<\/strong>.<\/p>\n\n\n\n<p class=\"has-text-align-center has-text-color has-link-color wp-elements-da78f99ae1cd6093f7646525d5c5b314\" style=\"color:#433586;font-size:clamp(14px, 0.875rem + ((1vw - 3.2px) * 0.455), 18px);font-style:normal;font-weight:400\">Nos <strong>formateurs exp\u00e9riment\u00e9s<\/strong> vous accompagneront \u00e0 travers des <strong>mises en situation concr\u00e8tes<\/strong>, vous pr\u00e9parant ainsi aux d\u00e9fis du m\u00e9tier. Avec un accent sur l\u2019<strong>adaptabilit\u00e9<\/strong>, vous apprendrez \u00e0 r\u00e9pondre efficacement aux <strong>besoins vari\u00e9s des individus<\/strong>.<\/p>\n\n\n\n<p class=\"has-text-align-center has-text-color has-link-color has-outfit-font-family wp-elements-d967303dcc947bb1cff0b6a55a0a7f5e\" style=\"color:#433586;font-size:clamp(14px, 0.875rem + ((1vw - 3.2px) * 0.455), 18px);font-style:normal;font-weight:400\">Entrez dans <strong>une carri\u00e8re \u00e9panouissante<\/strong> o\u00f9 vous pourrez faire la diff\u00e9rence.<\/p>\n\n\n\n<div class=\"wp-block-buttons is-content-justification-center is-layout-flex wp-container-core-buttons-is-layout-a89b3969 wp-block-buttons-is-layout-flex\">\n<div class=\"wp-block-button\"><a class=\"wp-block-button__link has-text-color has-background has-link-color has-outfit-font-family has-custom-font-size wp-element-button\" href=\"https:\/\/3asformations.fr\/index.php\/alternance-service-a-la-personne\/\" style=\"border-radius:0px;color:#433586;background-color:#efc415;padding-top:8px;padding-right:60px;padding-bottom:8px;padding-left:60px;font-size:clamp(14px, 0.875rem + ((1vw - 3.2px) * 0.455), 18px);\"><strong>En savoir plus<\/strong><\/a><\/div>\n\n\n\n<div class=\"wp-block-button\"><a class=\"wp-block-button__link has-text-color has-background has-link-color has-outfit-font-family has-custom-font-size wp-element-button\" href=\"https:\/\/3asformations.fr\/index.php\/contact-3as-formations\/\" style=\"border-radius:0px;color:#433586;background-color:#efc415;padding-top:8px;padding-right:60px;padding-bottom:8px;padding-left:60px;font-size:clamp(14px, 0.875rem + ((1vw - 3.2px) * 0.455), 18px);\"><strong>Nous contacter<\/strong><\/a><\/div>\n<\/div>\n<\/div>\n<\/div>\n<\/div>\n<\/div>\n\n\n\n<p><\/p>\n","protected":false},"excerpt":{"rendered":"<p>Administratif Vous apprendrez \u00e0 ma\u00eetriser les outils bureautiques, \u00e0 organiser efficacement les t\u00e2ches et \u00e0 assurer une communication professionnelle de qualit\u00e9. Gr\u00e2ce \u00e0 notre approche concr\u00e8te et orient\u00e9e vers la pratique, vous serez form\u00e9(e) aux r\u00e9alit\u00e9s du secteur, devenant ainsi un soutien essentiel pour toute organisation. Nos formateurs vous guideront pour d\u00e9velopper des comp\u00e9tences polyvalentes [&hellip;]<\/p>\n","protected":false},"author":1,"featured_media":0,"parent":0,"menu_order":0,"comment_status":"closed","ping_status":"closed","template":"","meta":{"footnotes":""},"class_list":["post-62","page","type-page","status-publish","hentry"],"yoast_head":"<!-- This site is optimized with the Yoast SEO plugin v27.4 - https:\/\/yoast.com\/product\/yoast-seo-wordpress\/ -->\n<title>Formations alternance 3AS Formations - GM Ttransformation<\/title>\n<meta name=\"description\" content=\"Toutes nos formations en alternance dans les secteurs Administratif, Commerce et Service \u00e0 la personne. Au service de toutes les r\u00e9ussites\" \/>\n<meta name=\"robots\" content=\"index, follow, max-snippet:-1, max-image-preview:large, max-video-preview:-1\" \/>\n<link rel=\"canonical\" href=\"https:\/\/3asformations.fr\/index.php\/formations-en-alternance\/\" \/>\n<meta property=\"og:locale\" content=\"fr_FR\" \/>\n<meta property=\"og:type\" content=\"article\" \/>\n<meta property=\"og:title\" content=\"Formations alternance 3AS Formations - GM Ttransformation\" \/>\n<meta property=\"og:description\" content=\"Toutes nos formations en alternance dans les secteurs Administratif, Commerce et Service \u00e0 la personne. Au service de toutes les r\u00e9ussites\" \/>\n<meta property=\"og:url\" content=\"https:\/\/3asformations.fr\/index.php\/formations-en-alternance\/\" \/>\n<meta property=\"og:site_name\" content=\"GM Ttransformation\" \/>\n<meta property=\"article:publisher\" content=\"https:\/\/www.facebook.com\/3ASFormations\" \/>\n<meta property=\"article:modified_time\" content=\"2026-03-25T17:22:32+00:00\" \/>\n<meta property=\"og:image\" content=\"https:\/\/3asformations.fr\/wp-content\/uploads\/2026\/03\/alternance-administratif-gm-transformation.png\" \/>\n\t<meta property=\"og:image:width\" content=\"1080\" \/>\n\t<meta property=\"og:image:height\" content=\"1080\" \/>\n\t<meta property=\"og:image:type\" content=\"image\/png\" \/>\n<meta name=\"twitter:card\" content=\"summary_large_image\" \/>\n<meta name=\"twitter:label1\" content=\"Dur\u00e9e de lecture estim\u00e9e\" \/>\n\t<meta name=\"twitter:data1\" content=\"3 minutes\" \/>\n<script type=\"application\/ld+json\" class=\"yoast-schema-graph\">{\"@context\":\"https:\\\/\\\/schema.org\",\"@graph\":[{\"@type\":\"WebPage\",\"@id\":\"https:\\\/\\\/3asformations.fr\\\/index.php\\\/formations-en-alternance\\\/\",\"url\":\"https:\\\/\\\/3asformations.fr\\\/index.php\\\/formations-en-alternance\\\/\",\"name\":\"Formations alternance 3AS Formations - GM Ttransformation\",\"isPartOf\":{\"@id\":\"https:\\\/\\\/3asformations.fr\\\/#website\"},\"primaryImageOfPage\":{\"@id\":\"https:\\\/\\\/3asformations.fr\\\/index.php\\\/formations-en-alternance\\\/#primaryimage\"},\"image\":{\"@id\":\"https:\\\/\\\/3asformations.fr\\\/index.php\\\/formations-en-alternance\\\/#primaryimage\"},\"thumbnailUrl\":\"https:\\\/\\\/3asformations.fr\\\/wp-content\\\/uploads\\\/2026\\\/03\\\/alternance-administratif-gm-transformation-1024x1024.png\",\"datePublished\":\"2024-12-17T15:33:54+00:00\",\"dateModified\":\"2026-03-25T17:22:32+00:00\",\"description\":\"Toutes nos formations en alternance dans les secteurs Administratif, Commerce et Service \u00e0 la personne. Au service de toutes les r\u00e9ussites\",\"breadcrumb\":{\"@id\":\"https:\\\/\\\/3asformations.fr\\\/index.php\\\/formations-en-alternance\\\/#breadcrumb\"},\"inLanguage\":\"fr-FR\",\"potentialAction\":[{\"@type\":\"ReadAction\",\"target\":[\"https:\\\/\\\/3asformations.fr\\\/index.php\\\/formations-en-alternance\\\/\"]}]},{\"@type\":\"ImageObject\",\"inLanguage\":\"fr-FR\",\"@id\":\"https:\\\/\\\/3asformations.fr\\\/index.php\\\/formations-en-alternance\\\/#primaryimage\",\"url\":\"https:\\\/\\\/3asformations.fr\\\/wp-content\\\/uploads\\\/2026\\\/03\\\/alternance-administratif-gm-transformation.png\",\"contentUrl\":\"https:\\\/\\\/3asformations.fr\\\/wp-content\\\/uploads\\\/2026\\\/03\\\/alternance-administratif-gm-transformation.png\",\"width\":1080,\"height\":1080},{\"@type\":\"BreadcrumbList\",\"@id\":\"https:\\\/\\\/3asformations.fr\\\/index.php\\\/formations-en-alternance\\\/#breadcrumb\",\"itemListElement\":[{\"@type\":\"ListItem\",\"position\":1,\"name\":\"Accueil\",\"item\":\"https:\\\/\\\/3asformations.fr\\\/\"},{\"@type\":\"ListItem\",\"position\":2,\"name\":\"Formations alternance 3AS Formations\"}]},{\"@type\":\"WebSite\",\"@id\":\"https:\\\/\\\/3asformations.fr\\\/#website\",\"url\":\"https:\\\/\\\/3asformations.fr\\\/\",\"name\":\"3AS Formations\",\"description\":\"Au service de toutes les r\u00e9ussites !\",\"publisher\":{\"@id\":\"https:\\\/\\\/3asformations.fr\\\/#organization\"},\"potentialAction\":[{\"@type\":\"SearchAction\",\"target\":{\"@type\":\"EntryPoint\",\"urlTemplate\":\"https:\\\/\\\/3asformations.fr\\\/?s={search_term_string}\"},\"query-input\":{\"@type\":\"PropertyValueSpecification\",\"valueRequired\":true,\"valueName\":\"search_term_string\"}}],\"inLanguage\":\"fr-FR\"},{\"@type\":\"Organization\",\"@id\":\"https:\\\/\\\/3asformations.fr\\\/#organization\",\"name\":\"3AS Formations\",\"url\":\"https:\\\/\\\/3asformations.fr\\\/\",\"logo\":{\"@type\":\"ImageObject\",\"inLanguage\":\"fr-FR\",\"@id\":\"https:\\\/\\\/3asformations.fr\\\/#\\\/schema\\\/logo\\\/image\\\/\",\"url\":\"https:\\\/\\\/3asformations.fr\\\/wp-content\\\/uploads\\\/2026\\\/03\\\/MALVINA-GM-TRANSFORMATION-compact-CMJN-1.png\",\"contentUrl\":\"https:\\\/\\\/3asformations.fr\\\/wp-content\\\/uploads\\\/2026\\\/03\\\/MALVINA-GM-TRANSFORMATION-compact-CMJN-1.png\",\"width\":1134,\"height\":1134,\"caption\":\"3AS Formations\"},\"image\":{\"@id\":\"https:\\\/\\\/3asformations.fr\\\/#\\\/schema\\\/logo\\\/image\\\/\"},\"sameAs\":[\"https:\\\/\\\/www.facebook.com\\\/3ASFormations\",\"https:\\\/\\\/www.instagram.com\\\/3asformations\\\/?fbclid=IwZXh0bgNhZW0CMTEAAR767GE3Dg1L6c9dLdjtUhYgaLYIyvdhWcWMETtPWSkp22ZbF3-mUVWU65U68Q_aem_-J_CkIy2IwqxhHZIl29sOQ\",\"https:\\\/\\\/linktr.ee\\\/cfa3as\"]}]}<\/script>\n<!-- \/ Yoast SEO plugin. -->","yoast_head_json":{"title":"Formations alternance 3AS Formations - GM Ttransformation","description":"Toutes nos formations en alternance dans les secteurs Administratif, Commerce et Service \u00e0 la personne. Au service de toutes les r\u00e9ussites","robots":{"index":"index","follow":"follow","max-snippet":"max-snippet:-1","max-image-preview":"max-image-preview:large","max-video-preview":"max-video-preview:-1"},"canonical":"https:\/\/3asformations.fr\/index.php\/formations-en-alternance\/","og_locale":"fr_FR","og_type":"article","og_title":"Formations alternance 3AS Formations - GM Ttransformation","og_description":"Toutes nos formations en alternance dans les secteurs Administratif, Commerce et Service \u00e0 la personne. Au service de toutes les r\u00e9ussites","og_url":"https:\/\/3asformations.fr\/index.php\/formations-en-alternance\/","og_site_name":"GM Ttransformation","article_publisher":"https:\/\/www.facebook.com\/3ASFormations","article_modified_time":"2026-03-25T17:22:32+00:00","og_image":[{"width":1080,"height":1080,"url":"https:\/\/3asformations.fr\/wp-content\/uploads\/2026\/03\/alternance-administratif-gm-transformation.png","type":"image\/png"}],"twitter_card":"summary_large_image","twitter_misc":{"Dur\u00e9e de lecture estim\u00e9e":"3 minutes"},"schema":{"@context":"https:\/\/schema.org","@graph":[{"@type":"WebPage","@id":"https:\/\/3asformations.fr\/index.php\/formations-en-alternance\/","url":"https:\/\/3asformations.fr\/index.php\/formations-en-alternance\/","name":"Formations alternance 3AS Formations - GM Ttransformation","isPartOf":{"@id":"https:\/\/3asformations.fr\/#website"},"primaryImageOfPage":{"@id":"https:\/\/3asformations.fr\/index.php\/formations-en-alternance\/#primaryimage"},"image":{"@id":"https:\/\/3asformations.fr\/index.php\/formations-en-alternance\/#primaryimage"},"thumbnailUrl":"https:\/\/3asformations.fr\/wp-content\/uploads\/2026\/03\/alternance-administratif-gm-transformation-1024x1024.png","datePublished":"2024-12-17T15:33:54+00:00","dateModified":"2026-03-25T17:22:32+00:00","description":"Toutes nos formations en alternance dans les secteurs Administratif, Commerce et Service \u00e0 la personne. Au service de toutes les r\u00e9ussites","breadcrumb":{"@id":"https:\/\/3asformations.fr\/index.php\/formations-en-alternance\/#breadcrumb"},"inLanguage":"fr-FR","potentialAction":[{"@type":"ReadAction","target":["https:\/\/3asformations.fr\/index.php\/formations-en-alternance\/"]}]},{"@type":"ImageObject","inLanguage":"fr-FR","@id":"https:\/\/3asformations.fr\/index.php\/formations-en-alternance\/#primaryimage","url":"https:\/\/3asformations.fr\/wp-content\/uploads\/2026\/03\/alternance-administratif-gm-transformation.png","contentUrl":"https:\/\/3asformations.fr\/wp-content\/uploads\/2026\/03\/alternance-administratif-gm-transformation.png","width":1080,"height":1080},{"@type":"BreadcrumbList","@id":"https:\/\/3asformations.fr\/index.php\/formations-en-alternance\/#breadcrumb","itemListElement":[{"@type":"ListItem","position":1,"name":"Accueil","item":"https:\/\/3asformations.fr\/"},{"@type":"ListItem","position":2,"name":"Formations alternance 3AS Formations"}]},{"@type":"WebSite","@id":"https:\/\/3asformations.fr\/#website","url":"https:\/\/3asformations.fr\/","name":"3AS Formations","description":"Au service de toutes les r\u00e9ussites !","publisher":{"@id":"https:\/\/3asformations.fr\/#organization"},"potentialAction":[{"@type":"SearchAction","target":{"@type":"EntryPoint","urlTemplate":"https:\/\/3asformations.fr\/?s={search_term_string}"},"query-input":{"@type":"PropertyValueSpecification","valueRequired":true,"valueName":"search_term_string"}}],"inLanguage":"fr-FR"},{"@type":"Organization","@id":"https:\/\/3asformations.fr\/#organization","name":"3AS Formations","url":"https:\/\/3asformations.fr\/","logo":{"@type":"ImageObject","inLanguage":"fr-FR","@id":"https:\/\/3asformations.fr\/#\/schema\/logo\/image\/","url":"https:\/\/3asformations.fr\/wp-content\/uploads\/2026\/03\/MALVINA-GM-TRANSFORMATION-compact-CMJN-1.png","contentUrl":"https:\/\/3asformations.fr\/wp-content\/uploads\/2026\/03\/MALVINA-GM-TRANSFORMATION-compact-CMJN-1.png","width":1134,"height":1134,"caption":"3AS Formations"},"image":{"@id":"https:\/\/3asformations.fr\/#\/schema\/logo\/image\/"},"sameAs":["https:\/\/www.facebook.com\/3ASFormations","https:\/\/www.instagram.com\/3asformations\/?fbclid=IwZXh0bgNhZW0CMTEAAR767GE3Dg1L6c9dLdjtUhYgaLYIyvdhWcWMETtPWSkp22ZbF3-mUVWU65U68Q_aem_-J_CkIy2IwqxhHZIl29sOQ","https:\/\/linktr.ee\/cfa3as"]}]}},"_links":{"self":[{"href":"https:\/\/3asformations.fr\/index.php\/wp-json\/wp\/v2\/pages\/62","targetHints":{"allow":["GET"]}}],"collection":[{"href":"https:\/\/3asformations.fr\/index.php\/wp-json\/wp\/v2\/pages"}],"about":[{"href":"https:\/\/3asformations.fr\/index.php\/wp-json\/wp\/v2\/types\/page"}],"author":[{"embeddable":true,"href":"https:\/\/3asformations.fr\/index.php\/wp-json\/wp\/v2\/users\/1"}],"replies":[{"embeddable":true,"href":"https:\/\/3asformations.fr\/index.php\/wp-json\/wp\/v2\/comments?post=62"}],"version-history":[{"count":36,"href":"https:\/\/3asformations.fr\/index.php\/wp-json\/wp\/v2\/pages\/62\/revisions"}],"predecessor-version":[{"id":942,"href":"https:\/\/3asformations.fr\/index.php\/wp-json\/wp\/v2\/pages\/62\/revisions\/942"}],"wp:attachment":[{"href":"https:\/\/3asformations.fr\/index.php\/wp-json\/wp\/v2\/media?parent=62"}],"curies":[{"name":"wp","href":"https:\/\/api.w.org\/{rel}","templated":true}]}}